{"id":30,"date":"2024-02-14T11:44:03","date_gmt":"2024-02-14T10:44:03","guid":{"rendered":"https:\/\/uat.exim.splendex.dev\/news\/"},"modified":"2024-05-17T09:47:04","modified_gmt":"2024-05-17T07:47:04","slug":"news","status":"publish","type":"page","link":"https:\/\/exim.splendex.dev\/en\/news\/","title":{"rendered":"News"},"content":{"rendered":"\n<div class=\"news-section\" id=\"news-section\">\n\n    <h1 class=\"visually-hidden\">News<\/h1>\n\n    \n            <div class=\"hero-card hero-card--tertiary hero-card--disabled-video\">\n\n                \n                <div class=\"hero-card__content-wrapper\">\n\n                    <div  class=\"hero-card__title\">EXIM Hungary announces the winners of the first culture without borders scholarship competition<\/div><h1 class=\"sr-only\"  class=\"hero-card__title\">News<\/h1>\n                    \n                    \n                    <a target=\"_self\"  href=\"https:\/\/exim.splendex.dev\/en\/exim-hungary-announces-the-winners-of-the-first-culture-without-borders-scholarship-competition\/\" class=\"button button--normal button--quaternary button--left\" role=\"button\">Read more<\/a>\n                <\/div>\n\n                                    <div class=\"hero-card__image-wrapper\">\n                        <img loading=\"lazy\" decoding=\"async\" width=\"2500\" height=\"1667\" src=\"https:\/\/exim.splendex.dev\/wp-content\/uploads\/2024\/04\/HK_koncert-1.jpg\" class=\"hero-card__image\" alt=\"\" aria-hidden=\"true\" srcset=\"https:\/\/exim.splendex.dev\/wp-content\/uploads\/2024\/04\/HK_koncert-1.jpg 2500w, https:\/\/exim.splendex.dev\/wp-content\/uploads\/2024\/04\/HK_koncert-1-300x200.jpg 300w, https:\/\/exim.splendex.dev\/wp-content\/uploads\/2024\/04\/HK_koncert-1-1024x683.jpg 1024w, https:\/\/exim.splendex.dev\/wp-content\/uploads\/2024\/04\/HK_koncert-1-768x512.jpg 768w, https:\/\/exim.splendex.dev\/wp-content\/uploads\/2024\/04\/HK_koncert-1-1536x1024.jpg 1536w, https:\/\/exim.splendex.dev\/wp-content\/uploads\/2024\/04\/HK_koncert-1-2048x1366.jpg 2048w\" sizes=\"auto, (max-width: 2500px) 100vw, 2500px\" \/>                    <\/div>\n                \n            <\/div>\n\n        \n    <div class=\"container\">\n\n        \n            <div class=\"news-section__block-title block-title\">\n                News            <\/div>\n\n        \n\n        <div class=\"facetwp-facet facetwp-facet-post_categories facetwp-type-radio\" data-name=\"post_categories\" data-type=\"radio\"><\/div><input type=\"hidden\" class=\"category-color\" data-category=\"EXIM news\" value=\"\">\n        <div class=\"news-section__post-cards row acf-block\">\n\n            \n                        <div class=\"news-section__post-column col-lg-4 col-md-6 col-12\">\n\n                            \n        <article class=\"post-card post-card--normal\">\n\n            <a href=\"https:\/\/exim.splendex.dev\/en\/exim-hungary-announces-the-winners-of-the-first-culture-without-borders-scholarship-competition\/\" class=\"post-card__link\">\n\n                <div class=\"post-card__header\">\n\n                    <img loading=\"lazy\" decoding=\"async\" width=\"300\" height=\"200\" src=\"https:\/\/exim.splendex.dev\/wp-content\/uploads\/2024\/04\/HK_koncert-1-300x200.jpg\" class=\"post-card__image wp-post-image\" alt=\"\" aria-hidden=\"true\" srcset=\"https:\/\/exim.splendex.dev\/wp-content\/uploads\/2024\/04\/HK_koncert-1-300x200.jpg 300w, https:\/\/exim.splendex.dev\/wp-content\/uploads\/2024\/04\/HK_koncert-1-1024x683.jpg 1024w, https:\/\/exim.splendex.dev\/wp-content\/uploads\/2024\/04\/HK_koncert-1-768x512.jpg 768w, https:\/\/exim.splendex.dev\/wp-content\/uploads\/2024\/04\/HK_koncert-1-1536x1024.jpg 1536w, https:\/\/exim.splendex.dev\/wp-content\/uploads\/2024\/04\/HK_koncert-1-2048x1366.jpg 2048w\" sizes=\"auto, (max-width: 300px) 100vw, 300px\" \/>\n                <\/div>\n\n                \n                    <div class=\"post-card__content\">\n\n                        <div class=\"post-card__categories\">\n\n                            <span class=\"badge badge--primary badge--small\">EXIM news<\/span>\n                        <\/div>\n\n                        <div class=\"post-card__date\">\n                            2024.03.25                        <\/div>\n\n                        <h2 class=\"post-card__title\">\n                            EXIM Hungary announces the winners of the first culture without borders scholarship competition                        <\/h2>\n\n                        <p class=\"post-card__excerpt\">\n                            EXIM Hungary has for the first time awarded the winners of the scholarship competition launched under its Culture without Borders Programme. At the EXIM Awards gala, young contemporary Hungarian artists were honoured in the categories of fine arts and classical music, in addition to Hungarian financial institutions, in an unusual but \u2013 as anticipitated \u2013 tradition-making way. Among the applications submitted, first prize was awarded to Bal\u00e1zs Csizik, a visual artist from the Ani Moln\u00e1r Gallery, and the pianist-cellist duo Domonkos Csabay and Domonkos Hartmann. The scholarship competition was organised under the professional auspices of the Art is Business Association with the aim of facilititating the international introduction of visual artists and chamber music groups.                        <\/p>\n\n                    <\/div>\n\n                \n            <\/a>\n\n        <\/article>\n\n        \n                        <\/div>\n\n                    \n                        <div class=\"news-section__post-column col-lg-4 col-md-6 col-12\">\n\n                            \n        <article class=\"post-card post-card--normal\">\n\n            <a href=\"https:\/\/exim.splendex.dev\/en\/exim-awards-2024-domestic-financial-institutions-receive-awards-in-9-categories\/\" class=\"post-card__link\">\n\n                <div class=\"post-card__header\">\n\n                    <img loading=\"lazy\" decoding=\"async\" width=\"300\" height=\"200\" src=\"https:\/\/exim.splendex.dev\/wp-content\/uploads\/2024\/04\/Szulinap-2-300x200.jpg\" class=\"post-card__image wp-post-image\" alt=\"\" aria-hidden=\"true\" srcset=\"https:\/\/exim.splendex.dev\/wp-content\/uploads\/2024\/04\/Szulinap-2-300x200.jpg 300w, https:\/\/exim.splendex.dev\/wp-content\/uploads\/2024\/04\/Szulinap-2-1024x683.jpg 1024w, https:\/\/exim.splendex.dev\/wp-content\/uploads\/2024\/04\/Szulinap-2-768x512.jpg 768w, https:\/\/exim.splendex.dev\/wp-content\/uploads\/2024\/04\/Szulinap-2-1536x1024.jpg 1536w, https:\/\/exim.splendex.dev\/wp-content\/uploads\/2024\/04\/Szulinap-2-2048x1365.jpg 2048w\" sizes=\"auto, (max-width: 300px) 100vw, 300px\" \/>\n                <\/div>\n\n                \n                    <div class=\"post-card__content\">\n\n                        <div class=\"post-card__categories\">\n\n                            <span class=\"badge badge--primary badge--small\">EXIM news<\/span>\n                        <\/div>\n\n                        <div class=\"post-card__date\">\n                            2024.03.21                        <\/div>\n\n                        <h2 class=\"post-card__title\">\n                            EXIM Awards 2024: domestic financial institutions receive awards in 9 categories                        <\/h2>\n\n                        <p class=\"post-card__excerpt\">\n                            The first winners of the EXIM Culture Without Borders programme supporting contemporary artists have also been announced.                        <\/p>\n\n                    <\/div>\n\n                \n            <\/a>\n\n        <\/article>\n\n        \n                        <\/div>\n\n                    \n                        <div class=\"news-section__post-column col-lg-4 col-md-6 col-12\">\n\n                            \n        <article class=\"post-card post-card--normal\">\n\n            <a href=\"https:\/\/exim.splendex.dev\/en\/exim-hungary-awarded-bond-issuer-of-the-year-at-the-budapest-stock-exchange-best-awards\/\" class=\"post-card__link\">\n\n                <div class=\"post-card__header\">\n\n                    <img loading=\"lazy\" decoding=\"async\" width=\"300\" height=\"165\" src=\"https:\/\/exim.splendex.dev\/wp-content\/uploads\/2024\/04\/0301_hirek_AZ-EV-BANKI-KOTVENYKIBOCSATOJA-CIMET-NYERTUK-EL-A-BET-LEGEK-DIJATADON-300x165.jpg\" class=\"post-card__image wp-post-image\" alt=\"\" aria-hidden=\"true\" srcset=\"https:\/\/exim.splendex.dev\/wp-content\/uploads\/2024\/04\/0301_hirek_AZ-EV-BANKI-KOTVENYKIBOCSATOJA-CIMET-NYERTUK-EL-A-BET-LEGEK-DIJATADON-300x165.jpg 300w, https:\/\/exim.splendex.dev\/wp-content\/uploads\/2024\/04\/0301_hirek_AZ-EV-BANKI-KOTVENYKIBOCSATOJA-CIMET-NYERTUK-EL-A-BET-LEGEK-DIJATADON-1024x563.jpg 1024w, https:\/\/exim.splendex.dev\/wp-content\/uploads\/2024\/04\/0301_hirek_AZ-EV-BANKI-KOTVENYKIBOCSATOJA-CIMET-NYERTUK-EL-A-BET-LEGEK-DIJATADON-768x422.jpg 768w, https:\/\/exim.splendex.dev\/wp-content\/uploads\/2024\/04\/0301_hirek_AZ-EV-BANKI-KOTVENYKIBOCSATOJA-CIMET-NYERTUK-EL-A-BET-LEGEK-DIJATADON-1536x845.jpg 1536w, https:\/\/exim.splendex.dev\/wp-content\/uploads\/2024\/04\/0301_hirek_AZ-EV-BANKI-KOTVENYKIBOCSATOJA-CIMET-NYERTUK-EL-A-BET-LEGEK-DIJATADON.jpg 2048w\" sizes=\"auto, (max-width: 300px) 100vw, 300px\" \/>\n                <\/div>\n\n                \n                    <div class=\"post-card__content\">\n\n                        <div class=\"post-card__categories\">\n\n                            <span class=\"badge badge--primary badge--small\">EXIM news<\/span>\n                        <\/div>\n\n                        <div class=\"post-card__date\">\n                            2024.03.01                        <\/div>\n\n                        <h2 class=\"post-card__title\">\n                            EXIM Hungary awarded &#039;bond issuer of the year&#039; at the Budapest Stock Exchange Best Awards                        <\/h2>\n\n                        <p class=\"post-card__excerpt\">\n                            Mih\u00e1ly Hoffmann, our Deputy Chief Financial Officer, accompanied by \u00c1kos D\u00f6lle, Treasury Director, received the &#8220;Bond Issuer of the Year&#8221; award at the Budapest Stock Exchange&#8217;s gala ceremony. For more than two decades, the awards ceremony has been organised by the Budapest Stock Exchange to honour the outstanding performances of domestic capital market players of the previous year.                        <\/p>\n\n                    <\/div>\n\n                \n            <\/a>\n\n        <\/article>\n\n        \n                        <\/div>\n\n                    \n                        <div class=\"news-section__post-column col-lg-4 col-md-6 col-12\">\n\n                            \n        <article class=\"post-card post-card--normal\">\n\n            <a href=\"https:\/\/exim.splendex.dev\/en\/applicants-rushing-to-apply-for-the-baross-gabor-loan-scheme\/\" class=\"post-card__link\">\n\n                <div class=\"post-card__header\">\n\n                    <img loading=\"lazy\" decoding=\"async\" width=\"300\" height=\"158\" src=\"https:\/\/exim.splendex.dev\/wp-content\/uploads\/BGH24_thumbnail-300x158.png\" class=\"post-card__image wp-post-image\" alt=\"\" aria-hidden=\"true\" srcset=\"https:\/\/exim.splendex.dev\/wp-content\/uploads\/BGH24_thumbnail-300x158.png 300w, https:\/\/exim.splendex.dev\/wp-content\/uploads\/BGH24_thumbnail-1024x538.png 1024w, https:\/\/exim.splendex.dev\/wp-content\/uploads\/BGH24_thumbnail-768x403.png 768w, https:\/\/exim.splendex.dev\/wp-content\/uploads\/BGH24_thumbnail.png 1200w\" sizes=\"auto, (max-width: 300px) 100vw, 300px\" \/>\n                <\/div>\n\n                \n                    <div class=\"post-card__content\">\n\n                        <div class=\"post-card__categories\">\n\n                            <span class=\"badge badge--primary badge--small\">EXIM news<\/span>\n                        <\/div>\n\n                        <div class=\"post-card__date\">\n                            2024.02.13                        <\/div>\n\n                        <h2 class=\"post-card__title\">\n                            Applicants rushing to apply for the Baross G\u00e1bor loan scheme                        <\/h2>\n\n                        <p class=\"post-card__excerpt\">\n                            Hungarian companies can use EXIM Hungary&#8217;s preferential funds for investments                        <\/p>\n\n                    <\/div>\n\n                \n            <\/a>\n\n        <\/article>\n\n        \n                        <\/div>\n\n                    \n                        <div class=\"news-section__post-column col-lg-4 col-md-6 col-12\">\n\n                            \n        <article class=\"post-card post-card--normal\">\n\n            <a href=\"https:\/\/exim.splendex.dev\/en\/companies-get-prepared-the-baross-gabor-reindustrialisation-loan-programme-continues-with-huf-200-billion-additional-funding\/\" class=\"post-card__link\">\n\n                <div class=\"post-card__header\">\n\n                    <img loading=\"lazy\" decoding=\"async\" width=\"300\" height=\"158\" src=\"https:\/\/exim.splendex.dev\/wp-content\/uploads\/2024\/04\/kozlemeny-1-300x158.png\" class=\"post-card__image wp-post-image\" alt=\"\" aria-hidden=\"true\" srcset=\"https:\/\/exim.splendex.dev\/wp-content\/uploads\/2024\/04\/kozlemeny-1-300x158.png 300w, https:\/\/exim.splendex.dev\/wp-content\/uploads\/2024\/04\/kozlemeny-1-1024x538.png 1024w, https:\/\/exim.splendex.dev\/wp-content\/uploads\/2024\/04\/kozlemeny-1-768x403.png 768w, https:\/\/exim.splendex.dev\/wp-content\/uploads\/2024\/04\/kozlemeny-1.png 1200w\" sizes=\"auto, (max-width: 300px) 100vw, 300px\" \/>\n                <\/div>\n\n                \n                    <div class=\"post-card__content\">\n\n                        <div class=\"post-card__categories\">\n\n                            <span class=\"badge badge--primary badge--small\">EXIM news<\/span>\n                        <\/div>\n\n                        <div class=\"post-card__date\">\n                            2023.12.29                        <\/div>\n\n                        <h2 class=\"post-card__title\">\n                            Companies get prepared: The Baross G\u00e1bor reindustrialisation loan programme continues with HUF 200-billion additional funding                        <\/h2>\n\n                        <p class=\"post-card__excerpt\">\n                            EXIM Hungary offers HUF loans at up to 5 percent and euro loans at up to 3 percent interest in 2024 to stimulate investment.                        <\/p>\n\n                    <\/div>\n\n                \n            <\/a>\n\n        <\/article>\n\n        \n                        <\/div>\n\n                    \n                        <div class=\"news-section__post-column col-lg-4 col-md-6 col-12\">\n\n                            \n        <article class=\"post-card post-card--normal\">\n\n            <a href=\"https:\/\/exim.splendex.dev\/en\/exim-hungary-supporting-promising-hungarian-artists\/\" class=\"post-card__link\">\n\n                <div class=\"post-card__header\">\n\n                    <img loading=\"lazy\" decoding=\"async\" width=\"300\" height=\"158\" src=\"https:\/\/exim.splendex.dev\/wp-content\/uploads\/weboldalra-300x158.jpg\" class=\"post-card__image wp-post-image\" alt=\"\" aria-hidden=\"true\" srcset=\"https:\/\/exim.splendex.dev\/wp-content\/uploads\/weboldalra-300x158.jpg 300w, https:\/\/exim.splendex.dev\/wp-content\/uploads\/weboldalra-1024x538.jpg 1024w, https:\/\/exim.splendex.dev\/wp-content\/uploads\/weboldalra-768x403.jpg 768w, https:\/\/exim.splendex.dev\/wp-content\/uploads\/weboldalra.jpg 1200w\" sizes=\"auto, (max-width: 300px) 100vw, 300px\" \/>\n                <\/div>\n\n                \n                    <div class=\"post-card__content\">\n\n                        <div class=\"post-card__categories\">\n\n                            <span class=\"badge badge--primary badge--small\">EXIM news<\/span>\n                        <\/div>\n\n                        <div class=\"post-card__date\">\n                            2023.12.11                        <\/div>\n\n                        <h2 class=\"post-card__title\">\n                            EXIM Hungary supporting promising Hungarian artists                        <\/h2>\n\n                        <p class=\"post-card__excerpt\">\n                            Young, contemporary Hungarian artists are being offered support to launch their international careers through a scholarship programme supported by the Culture without Borders Programme of EXIM Hungary and managed by the Art is Business Association. The aim of the niche arts scholarship competition is to give visual artists and chamber music groups the opportunity to present their work at international fairs and to participate in concert tours and music festivals abroad.                        <\/p>\n\n                    <\/div>\n\n                \n            <\/a>\n\n        <\/article>\n\n        \n                        <\/div>\n\n                    <div class=\"facetwp-facet facetwp-facet-load_more facetwp-type-pager\" data-name=\"load_more\" data-type=\"pager\"><\/div>\n        <\/div>\n\n    <\/div>\n\n<\/div>\n","protected":false},"excerpt":{"rendered":"","protected":false},"author":1,"featured_media":10401,"parent":0,"menu_order":0,"comment_status":"closed","ping_status":"closed","template":"","meta":{"_acf_changed":false,"footnotes":""},"class_list":["post-30","page","type-page","status-publish","has-post-thumbnail","hentry"],"yoast_head":"<!-- This site is optimized with the Yoast SEO plugin v26.8-RC7 - https:\/\/yoast.com\/product\/yoast-seo-wordpress\/ -->\n<title>News - EXIM<\/title>\n<meta name=\"robots\" content=\"index, follow, max-snippet:-1, max-image-preview:large, max-video-preview:-1\" \/>\n<link rel=\"canonical\" href=\"https:\/\/exim.splendex.dev\/hirek\/\" \/>\n<meta property=\"og:locale\" content=\"en_US\" \/>\n<meta property=\"og:type\" content=\"article\" \/>\n<meta property=\"og:title\" content=\"News - EXIM\" \/>\n<meta property=\"og:url\" content=\"https:\/\/exim.splendex.dev\/hirek\/\" \/>\n<meta property=\"og:site_name\" content=\"EXIM\" \/>\n<meta property=\"article:modified_time\" content=\"2024-05-17T07:47:04+00:00\" \/>\n<meta property=\"og:image\" content=\"http:\/\/exim.local\/wp-content\/uploads\/exim_SEO_thumbnail.png\" \/>\n\t<meta property=\"og:image:width\" content=\"1200\" \/>\n\t<meta property=\"og:image:height\" content=\"630\" \/>\n\t<meta property=\"og:image:type\" content=\"image\/png\" \/>\n<meta name=\"twitter:card\" content=\"summary_large_image\" \/>\n<meta name=\"twitter:label1\" content=\"Est. reading time\" \/>\n\t<meta name=\"twitter:data1\" content=\"1 minute\" \/>\n<script type=\"application\/ld+json\" class=\"yoast-schema-graph\">{\"@context\":\"https:\/\/schema.org\",\"@graph\":[{\"@type\":\"WebPage\",\"@id\":\"https:\/\/exim.splendex.dev\/hirek\/\",\"url\":\"https:\/\/exim.splendex.dev\/hirek\/\",\"name\":\"News - EXIM\",\"isPartOf\":{\"@id\":\"https:\/\/exim.splendex.dev\/en\/#website\"},\"primaryImageOfPage\":{\"@id\":\"https:\/\/exim.splendex.dev\/hirek\/#primaryimage\"},\"image\":{\"@id\":\"https:\/\/exim.splendex.dev\/hirek\/#primaryimage\"},\"thumbnailUrl\":\"https:\/\/exim.splendex.dev\/wp-content\/uploads\/exim_SEO_thumbnail.png\",\"datePublished\":\"2024-02-14T10:44:03+00:00\",\"dateModified\":\"2024-05-17T07:47:04+00:00\",\"breadcrumb\":{\"@id\":\"https:\/\/exim.splendex.dev\/hirek\/#breadcrumb\"},\"inLanguage\":\"en-US\",\"potentialAction\":[{\"@type\":\"ReadAction\",\"target\":[\"https:\/\/exim.splendex.dev\/hirek\/\"]}]},{\"@type\":\"ImageObject\",\"inLanguage\":\"en-US\",\"@id\":\"https:\/\/exim.splendex.dev\/hirek\/#primaryimage\",\"url\":\"https:\/\/exim.splendex.dev\/wp-content\/uploads\/exim_SEO_thumbnail.png\",\"contentUrl\":\"https:\/\/exim.splendex.dev\/wp-content\/uploads\/exim_SEO_thumbnail.png\",\"width\":1200,\"height\":630,\"caption\":\"exim\"},{\"@type\":\"BreadcrumbList\",\"@id\":\"https:\/\/exim.splendex.dev\/hirek\/#breadcrumb\",\"itemListElement\":[{\"@type\":\"ListItem\",\"position\":1,\"name\":\"Home\",\"item\":\"https:\/\/exim.splendex.dev\/en\/\"},{\"@type\":\"ListItem\",\"position\":2,\"name\":\"News\"}]},{\"@type\":\"WebSite\",\"@id\":\"https:\/\/exim.splendex.dev\/en\/#website\",\"url\":\"https:\/\/exim.splendex.dev\/en\/\",\"name\":\"EXIM\",\"description\":\"\",\"potentialAction\":[{\"@type\":\"SearchAction\",\"target\":{\"@type\":\"EntryPoint\",\"urlTemplate\":\"https:\/\/exim.splendex.dev\/en\/?s={search_term_string}\"},\"query-input\":{\"@type\":\"PropertyValueSpecification\",\"valueRequired\":true,\"valueName\":\"search_term_string\"}}],\"inLanguage\":\"en-US\"}]}<\/script>\n<!-- \/ Yoast SEO plugin. -->","yoast_head_json":{"title":"News - EXIM","robots":{"index":"index","follow":"follow","max-snippet":"max-snippet:-1","max-image-preview":"max-image-preview:large","max-video-preview":"max-video-preview:-1"},"canonical":"https:\/\/exim.splendex.dev\/hirek\/","og_locale":"en_US","og_type":"article","og_title":"News - EXIM","og_url":"https:\/\/exim.splendex.dev\/hirek\/","og_site_name":"EXIM","article_modified_time":"2024-05-17T07:47:04+00:00","og_image":[{"width":1200,"height":630,"url":"http:\/\/exim.local\/wp-content\/uploads\/exim_SEO_thumbnail.png","type":"image\/png"}],"twitter_card":"summary_large_image","twitter_misc":{"Est. reading time":"1 minute"},"schema":{"@context":"https:\/\/schema.org","@graph":[{"@type":"WebPage","@id":"https:\/\/exim.splendex.dev\/hirek\/","url":"https:\/\/exim.splendex.dev\/hirek\/","name":"News - EXIM","isPartOf":{"@id":"https:\/\/exim.splendex.dev\/en\/#website"},"primaryImageOfPage":{"@id":"https:\/\/exim.splendex.dev\/hirek\/#primaryimage"},"image":{"@id":"https:\/\/exim.splendex.dev\/hirek\/#primaryimage"},"thumbnailUrl":"https:\/\/exim.splendex.dev\/wp-content\/uploads\/exim_SEO_thumbnail.png","datePublished":"2024-02-14T10:44:03+00:00","dateModified":"2024-05-17T07:47:04+00:00","breadcrumb":{"@id":"https:\/\/exim.splendex.dev\/hirek\/#breadcrumb"},"inLanguage":"en-US","potentialAction":[{"@type":"ReadAction","target":["https:\/\/exim.splendex.dev\/hirek\/"]}]},{"@type":"ImageObject","inLanguage":"en-US","@id":"https:\/\/exim.splendex.dev\/hirek\/#primaryimage","url":"https:\/\/exim.splendex.dev\/wp-content\/uploads\/exim_SEO_thumbnail.png","contentUrl":"https:\/\/exim.splendex.dev\/wp-content\/uploads\/exim_SEO_thumbnail.png","width":1200,"height":630,"caption":"exim"},{"@type":"BreadcrumbList","@id":"https:\/\/exim.splendex.dev\/hirek\/#breadcrumb","itemListElement":[{"@type":"ListItem","position":1,"name":"Home","item":"https:\/\/exim.splendex.dev\/en\/"},{"@type":"ListItem","position":2,"name":"News"}]},{"@type":"WebSite","@id":"https:\/\/exim.splendex.dev\/en\/#website","url":"https:\/\/exim.splendex.dev\/en\/","name":"EXIM","description":"","potentialAction":[{"@type":"SearchAction","target":{"@type":"EntryPoint","urlTemplate":"https:\/\/exim.splendex.dev\/en\/?s={search_term_string}"},"query-input":{"@type":"PropertyValueSpecification","valueRequired":true,"valueName":"search_term_string"}}],"inLanguage":"en-US"}]}},"acf":[],"_links":{"self":[{"href":"https:\/\/exim.splendex.dev\/en\/wp-json\/wp\/v2\/pages\/30","targetHints":{"allow":["GET"]}}],"collection":[{"href":"https:\/\/exim.splendex.dev\/en\/wp-json\/wp\/v2\/pages"}],"about":[{"href":"https:\/\/exim.splendex.dev\/en\/wp-json\/wp\/v2\/types\/page"}],"author":[{"embeddable":true,"href":"https:\/\/exim.splendex.dev\/en\/wp-json\/wp\/v2\/users\/1"}],"replies":[{"embeddable":true,"href":"https:\/\/exim.splendex.dev\/en\/wp-json\/wp\/v2\/comments?post=30"}],"version-history":[{"count":6,"href":"https:\/\/exim.splendex.dev\/en\/wp-json\/wp\/v2\/pages\/30\/revisions"}],"predecessor-version":[{"id":21594,"href":"https:\/\/exim.splendex.dev\/en\/wp-json\/wp\/v2\/pages\/30\/revisions\/21594"}],"wp:featuredmedia":[{"embeddable":true,"href":"https:\/\/exim.splendex.dev\/en\/wp-json\/wp\/v2\/media\/10401"}],"wp:attachment":[{"href":"https:\/\/exim.splendex.dev\/en\/wp-json\/wp\/v2\/media?parent=30"}],"curies":[{"name":"wp","href":"https:\/\/api.w.org\/{rel}","templated":true}]}}