{"id":2181,"date":"2024-03-01T14:58:03","date_gmt":"2024-03-01T13:58:03","guid":{"rendered":"https:\/\/uat.exim.splendex.dev\/orszagkockazatok\/"},"modified":"2024-05-29T14:02:32","modified_gmt":"2024-05-29T12:02:32","slug":"country-risk","status":"publish","type":"page","link":"https:\/\/exim.splendex.dev\/en\/country-risk\/","title":{"rendered":"Country risk"},"content":{"rendered":"\n<section class=\"subpage-hero acf-block\" id=\"subpage-hero\">\n\n      <div class=\"subpage-hero__card-wrapper\">  \n\n            \n            <div class=\"hero-card hero-card--secondary hero-card--disabled-video\">\n\n                \n                <div class=\"hero-card__content-wrapper\">\n\n                    <h1  class=\"hero-card__title\">Country risk<\/h1>\n                    \n                    \n                    \n                <\/div>\n\n                \n            <\/div>\n\n        \n      <\/div>\n\n      \n            <div class=\"container\">\n\n                  \n                                    <div class=\"subpage-hero__block-description\">\n\n                        <p><strong>The Hungarian Exim classifies almost 176 countries and examines the risks.<\/strong> The purpose of our country risk rating is to disclose all the risks that can support our clients in making informed decisions about their potential international business activity.<\/p>\n<p><strong>Our country risk methodology consist of analyzing hundreds of economic indicators<\/strong>, both quantitative and qualitative, to provide the best understanding of the political, security, business environment, economic, commercial, financing and payment risks.<\/p>\n\n                  <\/div>\n                  \n            <\/div>\n\n      \n<\/section>\n\n\n\n<section class=\"multiple-map acf-block\" id=\"multiple-map\">\n\n\t\n\t\n\t      <div class=\"container\">\n        <ul class=\"multiple-map__nav nav-tabs\" role=\"tablist\">\n\n\t\t\t  \t\t\t\t                  <li class=\"nav-item active\" role=\"presentation\">\n                    <a class=\"nav-link active nav-item-first\" role=\"tab\" data-bs-toggle=\"tab\" data-target=\"#map-tab-country-risk-map-2750\">\n\t\t\t\t\t            \tCountry risk map                    <\/a>\n                  <\/li>\n\t\t\t\t\n\t\t\t\t\t\t\t\t                  <li class=\"nav-item\" role=\"presentation\">\n                    <a class=\"nav-link nav-item-last\" role=\"tab\" data-bs-toggle=\"tab\" data-target=\"#map-tab-export-map-2748\">\n\t\t\t\t\t            \texport map                    <\/a>\n                  <\/li>\n\t\t\t\t\n\t\t\t\t\n        <\/ul>\n\n      <\/div>\n\n      <div class=\"multiple-map__tab-content\">\n\t\t              <div id=\"map-tab-export-map-2750\"\n                 class=\"tab-pane active\"\n                 fmp-map-id=\"2750\" role=\"tabpanel\">\n\n\t\t\t\t                  <div class=\"container\">\n                    <h2 class=\"map-block__title\">\n\t\t\t\t\t\texport map                    <\/h2>\n\t\t\t\t\t                    <\/div>\n\t\t\t\t\n\t\t\t\t\n                  <div class=\"map-block__container--inner\">\n\n\t\t\t\t\t  <div class=\"map_wrapper\" id=\"map_wrapper_2750\">\n<div class=\"map_box\" style=\"max-width:2000px\">\n<div class=\"map_aspect_ratio\" style=\"padding-top:56%\" data-padding-top=\"56%\" data-padding-top-mobile=\"0%\">\n<div class=\"map_container\">\n<div class=\"map_render map_loading\" id=\"map_2750\"><\/div>\n<\/div>\n<\/div>\n<\/div>\n<\/div>\n                  <\/div>\n\n\t\t\t\t\n    <div class=\"button-block acf-block button-block--left\">\n        <a target=\"_self\" download href=\"http:\/\/exim.local\/wp-content\/uploads\/export-map-20240521.csv\" class=\"button button--medium button--gray button--left\" role=\"button\">T\u00e9rk\u00e9p \u00e1tirat\u00e1nak let\u00f6lt\u00e9se<span class=\"arrow\"><\/span><\/a>    <\/div>\n\n\t\t\t\t\n                  <div class=\"container\">\n                    <div class=\"map-block__cards-wrapper\">\n\n\t\t\t\t\t\t                              <div class=\"map-block__card\">\n                                <div class=\"map-block__card-color\" style=\"background-color: #38bfa8;\"><\/div>\n                                <div class=\"map-block__card-title\">Cover without any restriction in case of M\/LT transactions<\/div>\n                              <\/div>\n\t\t\t\t\t\t\t                              <div class=\"map-block__card\">\n                                <div class=\"map-block__card-color\" style=\"background-color: #8fe1a1;\"><\/div>\n                                <div class=\"map-block__card-title\">Cover without any restriction in case of ST; M\/LT transactions<\/div>\n                              <\/div>\n\t\t\t\t\t\t\t                              <div class=\"map-block__card\">\n                                <div class=\"map-block__card-color\" style=\"background-color: #fab233;\"><\/div>\n                                <div class=\"map-block__card-title\">Cover on case by case basis in case of ST; M\/LT transactions<\/div>\n                              <\/div>\n\t\t\t\t\t\t\t                              <div class=\"map-block__card\">\n                                <div class=\"map-block__card-color\" style=\"background-color: #f06b54;\"><\/div>\n                                <div class=\"map-block__card-title\">Off cover or temporarily off cover<\/div>\n                              <\/div>\n\t\t\t\t\t\t\t                    <\/div>\n                  <\/div>\n\t\t\t\t\n            <\/div>\n\n\t\t\t              <div id=\"map-tab-export-map-2748\"\n                 class=\"tab-pane\"\n                 fmp-map-id=\"2748\" role=\"tabpanel\">\n\n\t\t\t\t                  <div class=\"container\">\n                    <h2 class=\"map-block__title\">\n\t\t\t\t\t\texport map                    <\/h2>\n\t\t\t\t\t                    <\/div>\n\t\t\t\t\n\t\t\t\t\n                  <div class=\"map-block__container--inner\">\n\n\t\t\t\t\t  <div class=\"map_wrapper\" id=\"map_wrapper_2748\">\n<div class=\"map_box\" style=\"max-width:2000px\">\n<div class=\"map_aspect_ratio\" style=\"padding-top:56%\" data-padding-top=\"56%\" data-padding-top-mobile=\"0%\">\n<div class=\"map_container\">\n<div class=\"map_render map_loading\" id=\"map_2748\"><\/div>\n<\/div>\n<\/div>\n<\/div>\n<\/div>\n                  <\/div>\n\n\t\t\t\t\n    <div class=\"button-block acf-block button-block--left\">\n        <a target=\"_self\" download href=\"http:\/\/exim.local\/wp-content\/uploads\/export-map-20240521.csv\" class=\"button button--medium button--gray button--left\" role=\"button\">T\u00e9rk\u00e9p \u00e1tirat\u00e1nak let\u00f6lt\u00e9se<span class=\"arrow\"><\/span><\/a>    <\/div>\n\n\t\t\t\t\n                  <div class=\"container\">\n                    <div class=\"map-block__cards-wrapper\">\n\n\t\t\t\t\t\t                              <div class=\"map-block__card\">\n                                <div class=\"map-block__card-color\" style=\"background-color: #269a86;\"><\/div>\n                                <div class=\"map-block__card-title\">Export turnover above \u20ac1 Bn<\/div>\n                              <\/div>\n\t\t\t\t\t\t\t                              <div class=\"map-block__card\">\n                                <div class=\"map-block__card-color\" style=\"background-color: #38bfa8;\"><\/div>\n                                <div class=\"map-block__card-title\">Export turnover between \u20ac500 Mn &#8211; \u20ac1 Bn\r\n<\/div>\n                              <\/div>\n\t\t\t\t\t\t\t                              <div class=\"map-block__card\">\n                                <div class=\"map-block__card-color\" style=\"background-color: #60d1a5;\"><\/div>\n                                <div class=\"map-block__card-title\">Export turnover between \u20ac100 Mn &#8211; \u20ac500 Mn<\/div>\n                              <\/div>\n\t\t\t\t\t\t\t                              <div class=\"map-block__card\">\n                                <div class=\"map-block__card-color\" style=\"background-color: #8fe1a1;\"><\/div>\n                                <div class=\"map-block__card-title\">Export turnover between \u20ac1 Mn &#8211; \u20ac 100 Mn<\/div>\n                              <\/div>\n\t\t\t\t\t\t\t                              <div class=\"map-block__card\">\n                                <div class=\"map-block__card-color\" style=\"background-color: #96ffad;\"><\/div>\n                                <div class=\"map-block__card-title\">Export turnover less than \u20ac1 Mn\r\n<\/div>\n                              <\/div>\n\t\t\t\t\t\t\t                    <\/div>\n                  <\/div>\n\t\t\t\t\n            <\/div>\n\n\t\t\t  \n      <\/div>\n\t\n<\/section>\n\n\n<section class=\"simple-information-block acf-block\" id=\"simple-information-block\">\n\n\n\n  <div class=\"simple-information-block__main container\">\n\n    <div class=\"simple-information-block__wrapper\">\n\n          <h2 class=\"simple-information-block__title\">\n       EXIM COUNTRY RISK CLASSIFICATION      <\/h2>\n    \n          <div class=\"simple-information-block__description\">\n        <p>The Exim uses its own country risk methodology to classify each county on a scale of 1 to 7. Each classification show the risk level of the given relations, which means that the category &#8220;1&#8221; shows the countries with the lowest country risk, while the category &#8220;7&#8221; shows the countries with extremely high country risk.<\/p>\n      <\/div>\n    \n      <div class=\"simple-information-block__buttons\">\n\n\t\t  \n            <div class=\"simple-information-block__row-wrapper row\">\n\n\t\t\t\t\n                  <div class=\"col-md-6\">\n\n                  <div class=\"simple-information-block__header-wrapper\">\n\n                    \n                    \n                  <\/div>\n\n\t                                      <div class=\"simple-information-block__buttons-wrapper\">\n\t                                    \n    <div class=\"button-block acf-block button-block--left\">\n\n        <a rel=\"noopener\" target=\"_blank\"  href=\"\/wp-content\/uploads\/Countryriskclassificationscoverpolicy20231213.pdf\" class=\"button button--normal button--transparent button--left\" role=\"button\">List of mehib<\/a>\n    <\/div>\n\n\n\t                                        <\/div>\n                    \n\n                  <\/div>\n\n\t\t\t\t\n                  <div class=\"col-md-6\">\n\n                  <div class=\"simple-information-block__header-wrapper\">\n\n                    \n                    \n                  <\/div>\n\n\t                                      <div class=\"simple-information-block__buttons-wrapper\">\n\t                                    \n    <div class=\"button-block acf-block button-block--left\">\n\n        <a rel=\"noopener\" target=\"_blank\"  href=\"\/wp-content\/uploads\/Countryriskclassificationsfinancingpolicy20231213docx.pdf\" class=\"button button--normal button--transparent button--left\" role=\"button\">list of eximbank<\/a>\n    <\/div>\n\n\n\t                                        <\/div>\n                    \n\n                  <\/div>\n\n\t\t\t\t\n            <\/div>\n\n\t\t  \n      <\/div>\n\n    <\/div>\n\n  <\/div>\n\n\t\n<\/section>\n\n\n<section class=\"wp-block-group container\"><div class=\"wp-block-group__inner-container is-layout-constrained wp-block-group-is-layout-constrained\">\n<div class=\"wp-block-group eula\"><div class=\"wp-block-group__inner-container is-layout-constrained wp-block-group-is-layout-constrained\">\n<h2 class=\"wp-block-heading eula__title eula__title-capital\"><strong>Legal declaration of the Hungarian Export-Import Bank (EXIMBANK) Plc. and the Hungarian Export Credit Insurance (MEHIB) Plc.<\/strong><\/h2>\n\n\n\n<p>The country risk classification, the financing and cover policy in force serves only information purposes, under no circumstances can be considered as a recommendation and should not be the basis of business or investment decisions. The visitors of this the website automatically understand and agree, that EXIMBANK Plc. and MEHIB Plc. shall not be liable for the completeness, timeliness, error, or mistake of the information contained therein, nor shall they be liable for any direct or indirect costs, damages or losses that may arise in connection with the possible use of these information.<\/p>\n\n\n\n<p>The distribution, the modification and the usage &#8211; except for personal purposes &#8211; of the Country Risk Classification or the financing and cover policy without the prior written consent of EXIMBANK Plc. and MEHIB Plc. is prohibited. EXIMBNAK Plc. and MEHIB Plc. reserves the right to change, correct or remove the information contained in the materials at any time without any notice.<\/p>\n\n\n\n<p>All right and intellectual property relative to the texts, images, logos, layout and design of the site and other materials contained within this site are the property of EXIMBANK Plc. and MEHIB Plc.<\/p>\n\n\n\n<div style=\"height:5rem\" aria-hidden=\"true\" class=\"wp-block-spacer hidden-md-down\"><\/div>\n\n\n\n<div style=\"height:7rem\" aria-hidden=\"true\" class=\"wp-block-spacer\"><\/div>\n<\/div><\/div>\n<\/div><\/section>\n","protected":false},"excerpt":{"rendered":"<p>Legal declaration of the Hungarian Export-Import Bank (EXIMBANK) Plc. and the Hungarian Export Credit Insurance (MEHIB) Plc. The country risk classification, the financing and cover policy in force serves only information purposes, under no circumstances can be considered as a recommendation and should not be the basis of business or investment decisions. The visitors of [&hellip;]<\/p>\n","protected":false},"author":1,"featured_media":0,"parent":0,"menu_order":0,"comment_status":"closed","ping_status":"closed","template":"","meta":{"_acf_changed":false,"footnotes":""},"class_list":["post-2181","page","type-page","status-publish","hentry"],"yoast_head":"<!-- This site is optimized with the Yoast SEO plugin v26.8-RC7 - https:\/\/yoast.com\/product\/yoast-seo-wordpress\/ -->\n<title>Country risk - EXIM<\/title>\n<meta name=\"robots\" content=\"index, follow, max-snippet:-1, max-image-preview:large, max-video-preview:-1\" \/>\n<link rel=\"canonical\" href=\"https:\/\/exim.splendex.dev\/orszagkockazatok\/\" \/>\n<meta property=\"og:locale\" content=\"en_US\" \/>\n<meta property=\"og:type\" content=\"article\" \/>\n<meta property=\"og:title\" content=\"Country risk - EXIM\" \/>\n<meta property=\"og:description\" content=\"Legal declaration of the Hungarian Export-Import Bank (EXIMBANK) Plc. and the Hungarian Export Credit Insurance (MEHIB) Plc. The country risk classification, the financing and cover policy in force serves only information purposes, under no circumstances can be considered as a recommendation and should not be the basis of business or investment decisions. The visitors of [&hellip;]\" \/>\n<meta property=\"og:url\" content=\"https:\/\/exim.splendex.dev\/orszagkockazatok\/\" \/>\n<meta property=\"og:site_name\" content=\"EXIM\" \/>\n<meta property=\"article:modified_time\" content=\"2024-05-29T12:02:32+00:00\" \/>\n<meta name=\"twitter:card\" content=\"summary_large_image\" \/>\n<meta name=\"twitter:label1\" content=\"Est. reading time\" \/>\n\t<meta name=\"twitter:data1\" content=\"2 minutes\" \/>\n<script type=\"application\/ld+json\" class=\"yoast-schema-graph\">{\"@context\":\"https:\/\/schema.org\",\"@graph\":[{\"@type\":\"WebPage\",\"@id\":\"https:\/\/exim.splendex.dev\/orszagkockazatok\/\",\"url\":\"https:\/\/exim.splendex.dev\/orszagkockazatok\/\",\"name\":\"Country risk - EXIM\",\"isPartOf\":{\"@id\":\"https:\/\/exim.splendex.dev\/en\/#website\"},\"datePublished\":\"2024-03-01T13:58:03+00:00\",\"dateModified\":\"2024-05-29T12:02:32+00:00\",\"breadcrumb\":{\"@id\":\"https:\/\/exim.splendex.dev\/orszagkockazatok\/#breadcrumb\"},\"inLanguage\":\"en-US\",\"potentialAction\":[{\"@type\":\"ReadAction\",\"target\":[\"https:\/\/exim.splendex.dev\/orszagkockazatok\/\"]}]},{\"@type\":\"BreadcrumbList\",\"@id\":\"https:\/\/exim.splendex.dev\/orszagkockazatok\/#breadcrumb\",\"itemListElement\":[{\"@type\":\"ListItem\",\"position\":1,\"name\":\"Home\",\"item\":\"https:\/\/exim.splendex.dev\/en\/\"},{\"@type\":\"ListItem\",\"position\":2,\"name\":\"Country risk\"}]},{\"@type\":\"WebSite\",\"@id\":\"https:\/\/exim.splendex.dev\/en\/#website\",\"url\":\"https:\/\/exim.splendex.dev\/en\/\",\"name\":\"EXIM\",\"description\":\"\",\"potentialAction\":[{\"@type\":\"SearchAction\",\"target\":{\"@type\":\"EntryPoint\",\"urlTemplate\":\"https:\/\/exim.splendex.dev\/en\/?s={search_term_string}\"},\"query-input\":{\"@type\":\"PropertyValueSpecification\",\"valueRequired\":true,\"valueName\":\"search_term_string\"}}],\"inLanguage\":\"en-US\"}]}<\/script>\n<!-- \/ Yoast SEO plugin. -->","yoast_head_json":{"title":"Country risk - EXIM","robots":{"index":"index","follow":"follow","max-snippet":"max-snippet:-1","max-image-preview":"max-image-preview:large","max-video-preview":"max-video-preview:-1"},"canonical":"https:\/\/exim.splendex.dev\/orszagkockazatok\/","og_locale":"en_US","og_type":"article","og_title":"Country risk - EXIM","og_description":"Legal declaration of the Hungarian Export-Import Bank (EXIMBANK) Plc. and the Hungarian Export Credit Insurance (MEHIB) Plc. The country risk classification, the financing and cover policy in force serves only information purposes, under no circumstances can be considered as a recommendation and should not be the basis of business or investment decisions. The visitors of [&hellip;]","og_url":"https:\/\/exim.splendex.dev\/orszagkockazatok\/","og_site_name":"EXIM","article_modified_time":"2024-05-29T12:02:32+00:00","twitter_card":"summary_large_image","twitter_misc":{"Est. reading time":"2 minutes"},"schema":{"@context":"https:\/\/schema.org","@graph":[{"@type":"WebPage","@id":"https:\/\/exim.splendex.dev\/orszagkockazatok\/","url":"https:\/\/exim.splendex.dev\/orszagkockazatok\/","name":"Country risk - EXIM","isPartOf":{"@id":"https:\/\/exim.splendex.dev\/en\/#website"},"datePublished":"2024-03-01T13:58:03+00:00","dateModified":"2024-05-29T12:02:32+00:00","breadcrumb":{"@id":"https:\/\/exim.splendex.dev\/orszagkockazatok\/#breadcrumb"},"inLanguage":"en-US","potentialAction":[{"@type":"ReadAction","target":["https:\/\/exim.splendex.dev\/orszagkockazatok\/"]}]},{"@type":"BreadcrumbList","@id":"https:\/\/exim.splendex.dev\/orszagkockazatok\/#breadcrumb","itemListElement":[{"@type":"ListItem","position":1,"name":"Home","item":"https:\/\/exim.splendex.dev\/en\/"},{"@type":"ListItem","position":2,"name":"Country risk"}]},{"@type":"WebSite","@id":"https:\/\/exim.splendex.dev\/en\/#website","url":"https:\/\/exim.splendex.dev\/en\/","name":"EXIM","description":"","potentialAction":[{"@type":"SearchAction","target":{"@type":"EntryPoint","urlTemplate":"https:\/\/exim.splendex.dev\/en\/?s={search_term_string}"},"query-input":{"@type":"PropertyValueSpecification","valueRequired":true,"valueName":"search_term_string"}}],"inLanguage":"en-US"}]}},"acf":[],"_links":{"self":[{"href":"https:\/\/exim.splendex.dev\/en\/wp-json\/wp\/v2\/pages\/2181","targetHints":{"allow":["GET"]}}],"collection":[{"href":"https:\/\/exim.splendex.dev\/en\/wp-json\/wp\/v2\/pages"}],"about":[{"href":"https:\/\/exim.splendex.dev\/en\/wp-json\/wp\/v2\/types\/page"}],"author":[{"embeddable":true,"href":"https:\/\/exim.splendex.dev\/en\/wp-json\/wp\/v2\/users\/1"}],"replies":[{"embeddable":true,"href":"https:\/\/exim.splendex.dev\/en\/wp-json\/wp\/v2\/comments?post=2181"}],"version-history":[{"count":7,"href":"https:\/\/exim.splendex.dev\/en\/wp-json\/wp\/v2\/pages\/2181\/revisions"}],"predecessor-version":[{"id":24346,"href":"https:\/\/exim.splendex.dev\/en\/wp-json\/wp\/v2\/pages\/2181\/revisions\/24346"}],"wp:attachment":[{"href":"https:\/\/exim.splendex.dev\/en\/wp-json\/wp\/v2\/media?parent=2181"}],"curies":[{"name":"wp","href":"https:\/\/api.w.org\/{rel}","templated":true}]}}