{"id":2159,"date":"2024-04-10T23:07:47","date_gmt":"2024-04-10T21:07:47","guid":{"rendered":"https:\/\/uat.exim.splendex.dev\/impresszum\/"},"modified":"2024-04-10T23:30:36","modified_gmt":"2024-04-10T21:30:36","slug":"impresszum","status":"publish","type":"page","link":"https:\/\/exim.splendex.dev\/en\/impresszum\/","title":{"rendered":"Impresszum"},"content":{"rendered":"\n<section class=\"subpage-hero acf-block subpage-hero--more-space\" id=\"subpage-hero\">\n\n      <div class=\"subpage-hero__card-wrapper\">  \n\n            \n            <div class=\"hero-card hero-card--secondary hero-card--disabled-video\">\n\n                \n                <div class=\"hero-card__content-wrapper\">\n\n                    <h1  class=\"hero-card__title\">Impresszum<\/h1>\n                    \n                    \n                    \n                <\/div>\n\n                \n            <\/div>\n\n        \n      <\/div>\n\n      \n<\/section>\n\n\n\n<section class=\"wp-block-group container\"><div class=\"wp-block-group__inner-container is-layout-constrained wp-block-group-is-layout-constrained\">\n<div style=\"height:4rem\" aria-hidden=\"true\" class=\"wp-block-spacer justDesktop\"><\/div>\n\n\n\n<p><strong>C\u00c9GADATOK<\/strong><\/p>\n\n\n\n<p>A BANK ADATAI:<\/p>\n\n\n\n<p>N\u00e9v: Magyar Export-Import Bank Z\u00e1rtk\u00f6r\u0171en M\u0171k\u00f6d\u0151 R\u00e9szv\u00e9nyt\u00e1rsas\u00e1g<\/p>\n\n\n\n<p>Sz\u00e9khely: 1065 Budapest, Nagymez\u0151 u. 46-48.<\/p>\n\n\n\n<p>E-mail: <a href=\"mailto:exim@exim.hu\">exim@exim.hu<\/a><\/p>\n\n\n\n<p>Ad\u00f3sz\u00e1m: 10949638-2-44<\/p>\n\n\n\n<p>C\u00e9gjegyz\u00e9ksz\u00e1m: 01-10-042594, bejegyezve a F\u0151v\u00e1rosi T\u00f6rv\u00e9nysz\u00e9k, mint C\u00e9gb\u00edr\u00f3s\u00e1g 1994. december 8-\u00e1n hozott hat\u00e1rozat\u00e1val<\/p>\n\n\n\n<p>Banksz\u00e1mlasz\u00e1m: 14800016-06000008-11111128<\/p>\n\n\n\n<p>S.W.I.F.T. k\u00f3d: HEXI HU HB<\/p>\n\n\n\n<p><br>A BIZTOS\u00cdT\u00d3 ADATAI:<\/p>\n\n\n\n<p>N\u00e9v: Magyar Exporthitel Biztos\u00edt\u00f3 Z\u00e1rtk\u00f6r\u0171en M\u0171k\u00f6d\u0151 R\u00e9szv\u00e9nyt\u00e1rsas\u00e1g<\/p>\n\n\n\n<p>Sz\u00e9khely: 1065 Budapest, Nagymez\u0151 u. 46-48.<\/p>\n\n\n\n<p>E-mail: <a href=\"mailto:exim@exim.hu\">exim@exim.hu<\/a><\/p>\n\n\n\n<p>Ad\u00f3sz\u00e1m: 10949621-2-44<\/p>\n\n\n\n<p>C\u00e9gjegyz\u00e9ksz\u00e1m: 01-10-042595, bejegyezve a F\u0151v\u00e1rosi T\u00f6rv\u00e9nysz\u00e9k, mint C\u00e9gb\u00edr\u00f3s\u00e1g \u00e1ltal<\/p>\n\n\n\n<p>Banksz\u00e1mlasz\u00e1m: 10918001-00000001-04530003<\/p>\n\n\n\n<p>T\u00c1RHELYSZOLG\u00c1LTAT\u00d3 ADATOK:<\/p>\n\n\n\n<p>N\u00e9v: Websupport Magyarorsz\u00e1g Kft<\/p>\n\n\n\n<p>Sz\u00e9khely: 1119 Budapest, Feh\u00e9rv\u00e1ri \u00fat 97-99.<\/p>\n\n\n\n<p>Lev\u00e9lc\u00edm: 1119 Budapest, Feh\u00e9rv\u00e1ri \u00fat 97-99.<\/p>\n\n\n\n<p>E-mail: <a href=\"mailto:info@ezit.hu\">info@ezit.hu<\/a><\/p>\n\n\n\n<p>Telefon: +36 1 700 40 30<\/p>\n<\/div><\/section>\n\n\n\n<div style=\"height:70rem\" aria-hidden=\"true\" class=\"wp-block-spacer justDesktop\"><\/div>\n\n\n\n<div style=\"height:40rem\" aria-hidden=\"true\" class=\"wp-block-spacer justPhone\"><\/div>\n","protected":false},"excerpt":{"rendered":"<p>C\u00c9GADATOK A BANK ADATAI: N\u00e9v: Magyar Export-Import Bank Z\u00e1rtk\u00f6r\u0171en M\u0171k\u00f6d\u0151 R\u00e9szv\u00e9nyt\u00e1rsas\u00e1g Sz\u00e9khely: 1065 Budapest, Nagymez\u0151 u. 46-48. E-mail: exim@exim.hu Ad\u00f3sz\u00e1m: 10949638-2-44 C\u00e9gjegyz\u00e9ksz\u00e1m: 01-10-042594, bejegyezve a F\u0151v\u00e1rosi T\u00f6rv\u00e9nysz\u00e9k, mint C\u00e9gb\u00edr\u00f3s\u00e1g 1994. december 8-\u00e1n hozott hat\u00e1rozat\u00e1val Banksz\u00e1mlasz\u00e1m: 14800016-06000008-11111128 S.W.I.F.T. k\u00f3d: HEXI HU HB A BIZTOS\u00cdT\u00d3 ADATAI: N\u00e9v: Magyar Exporthitel Biztos\u00edt\u00f3 Z\u00e1rtk\u00f6r\u0171en M\u0171k\u00f6d\u0151 R\u00e9szv\u00e9nyt\u00e1rsas\u00e1g Sz\u00e9khely: 1065 Budapest, Nagymez\u0151 [&hellip;]<\/p>\n","protected":false},"author":1,"featured_media":0,"parent":0,"menu_order":0,"comment_status":"closed","ping_status":"closed","template":"","meta":{"_acf_changed":false,"footnotes":""},"class_list":["post-2159","page","type-page","status-publish","hentry"],"yoast_head":"<!-- This site is optimized with the Yoast SEO plugin v26.8-RC7 - https:\/\/yoast.com\/product\/yoast-seo-wordpress\/ -->\n<title>Impresszum - EXIM<\/title>\n<meta name=\"robots\" content=\"index, follow, max-snippet:-1, max-image-preview:large, max-video-preview:-1\" \/>\n<link rel=\"canonical\" href=\"https:\/\/exim.splendex.dev\/impresszum\/\" \/>\n<meta property=\"og:locale\" content=\"en_US\" \/>\n<meta property=\"og:type\" content=\"article\" \/>\n<meta property=\"og:title\" content=\"Impresszum - EXIM\" \/>\n<meta property=\"og:description\" content=\"C\u00c9GADATOK A BANK ADATAI: N\u00e9v: Magyar Export-Import Bank Z\u00e1rtk\u00f6r\u0171en M\u0171k\u00f6d\u0151 R\u00e9szv\u00e9nyt\u00e1rsas\u00e1g Sz\u00e9khely: 1065 Budapest, Nagymez\u0151 u. 46-48. E-mail: exim@exim.hu Ad\u00f3sz\u00e1m: 10949638-2-44 C\u00e9gjegyz\u00e9ksz\u00e1m: 01-10-042594, bejegyezve a F\u0151v\u00e1rosi T\u00f6rv\u00e9nysz\u00e9k, mint C\u00e9gb\u00edr\u00f3s\u00e1g 1994. december 8-\u00e1n hozott hat\u00e1rozat\u00e1val Banksz\u00e1mlasz\u00e1m: 14800016-06000008-11111128 S.W.I.F.T. k\u00f3d: HEXI HU HB A BIZTOS\u00cdT\u00d3 ADATAI: N\u00e9v: Magyar Exporthitel Biztos\u00edt\u00f3 Z\u00e1rtk\u00f6r\u0171en M\u0171k\u00f6d\u0151 R\u00e9szv\u00e9nyt\u00e1rsas\u00e1g Sz\u00e9khely: 1065 Budapest, Nagymez\u0151 [&hellip;]\" \/>\n<meta property=\"og:url\" content=\"https:\/\/exim.splendex.dev\/impresszum\/\" \/>\n<meta property=\"og:site_name\" content=\"EXIM\" \/>\n<meta property=\"article:modified_time\" content=\"2024-04-10T21:30:36+00:00\" \/>\n<meta name=\"twitter:card\" content=\"summary_large_image\" \/>\n<meta name=\"twitter:label1\" content=\"Est. reading time\" \/>\n\t<meta name=\"twitter:data1\" content=\"1 minute\" \/>\n<script type=\"application\/ld+json\" class=\"yoast-schema-graph\">{\"@context\":\"https:\/\/schema.org\",\"@graph\":[{\"@type\":\"WebPage\",\"@id\":\"https:\/\/exim.splendex.dev\/impresszum\/\",\"url\":\"https:\/\/exim.splendex.dev\/impresszum\/\",\"name\":\"Impresszum - EXIM\",\"isPartOf\":{\"@id\":\"https:\/\/exim.splendex.dev\/en\/#website\"},\"datePublished\":\"2024-04-10T21:07:47+00:00\",\"dateModified\":\"2024-04-10T21:30:36+00:00\",\"breadcrumb\":{\"@id\":\"https:\/\/exim.splendex.dev\/impresszum\/#breadcrumb\"},\"inLanguage\":\"en-US\",\"potentialAction\":[{\"@type\":\"ReadAction\",\"target\":[\"https:\/\/exim.splendex.dev\/impresszum\/\"]}]},{\"@type\":\"BreadcrumbList\",\"@id\":\"https:\/\/exim.splendex.dev\/impresszum\/#breadcrumb\",\"itemListElement\":[{\"@type\":\"ListItem\",\"position\":1,\"name\":\"Home\",\"item\":\"https:\/\/exim.splendex.dev\/en\/\"},{\"@type\":\"ListItem\",\"position\":2,\"name\":\"Impresszum\"}]},{\"@type\":\"WebSite\",\"@id\":\"https:\/\/exim.splendex.dev\/en\/#website\",\"url\":\"https:\/\/exim.splendex.dev\/en\/\",\"name\":\"EXIM\",\"description\":\"\",\"potentialAction\":[{\"@type\":\"SearchAction\",\"target\":{\"@type\":\"EntryPoint\",\"urlTemplate\":\"https:\/\/exim.splendex.dev\/en\/?s={search_term_string}\"},\"query-input\":{\"@type\":\"PropertyValueSpecification\",\"valueRequired\":true,\"valueName\":\"search_term_string\"}}],\"inLanguage\":\"en-US\"}]}<\/script>\n<!-- \/ Yoast SEO plugin. -->","yoast_head_json":{"title":"Impresszum - EXIM","robots":{"index":"index","follow":"follow","max-snippet":"max-snippet:-1","max-image-preview":"max-image-preview:large","max-video-preview":"max-video-preview:-1"},"canonical":"https:\/\/exim.splendex.dev\/impresszum\/","og_locale":"en_US","og_type":"article","og_title":"Impresszum - EXIM","og_description":"C\u00c9GADATOK A BANK ADATAI: N\u00e9v: Magyar Export-Import Bank Z\u00e1rtk\u00f6r\u0171en M\u0171k\u00f6d\u0151 R\u00e9szv\u00e9nyt\u00e1rsas\u00e1g Sz\u00e9khely: 1065 Budapest, Nagymez\u0151 u. 46-48. E-mail: exim@exim.hu Ad\u00f3sz\u00e1m: 10949638-2-44 C\u00e9gjegyz\u00e9ksz\u00e1m: 01-10-042594, bejegyezve a F\u0151v\u00e1rosi T\u00f6rv\u00e9nysz\u00e9k, mint C\u00e9gb\u00edr\u00f3s\u00e1g 1994. december 8-\u00e1n hozott hat\u00e1rozat\u00e1val Banksz\u00e1mlasz\u00e1m: 14800016-06000008-11111128 S.W.I.F.T. k\u00f3d: HEXI HU HB A BIZTOS\u00cdT\u00d3 ADATAI: N\u00e9v: Magyar Exporthitel Biztos\u00edt\u00f3 Z\u00e1rtk\u00f6r\u0171en M\u0171k\u00f6d\u0151 R\u00e9szv\u00e9nyt\u00e1rsas\u00e1g Sz\u00e9khely: 1065 Budapest, Nagymez\u0151 [&hellip;]","og_url":"https:\/\/exim.splendex.dev\/impresszum\/","og_site_name":"EXIM","article_modified_time":"2024-04-10T21:30:36+00:00","twitter_card":"summary_large_image","twitter_misc":{"Est. reading time":"1 minute"},"schema":{"@context":"https:\/\/schema.org","@graph":[{"@type":"WebPage","@id":"https:\/\/exim.splendex.dev\/impresszum\/","url":"https:\/\/exim.splendex.dev\/impresszum\/","name":"Impresszum - EXIM","isPartOf":{"@id":"https:\/\/exim.splendex.dev\/en\/#website"},"datePublished":"2024-04-10T21:07:47+00:00","dateModified":"2024-04-10T21:30:36+00:00","breadcrumb":{"@id":"https:\/\/exim.splendex.dev\/impresszum\/#breadcrumb"},"inLanguage":"en-US","potentialAction":[{"@type":"ReadAction","target":["https:\/\/exim.splendex.dev\/impresszum\/"]}]},{"@type":"BreadcrumbList","@id":"https:\/\/exim.splendex.dev\/impresszum\/#breadcrumb","itemListElement":[{"@type":"ListItem","position":1,"name":"Home","item":"https:\/\/exim.splendex.dev\/en\/"},{"@type":"ListItem","position":2,"name":"Impresszum"}]},{"@type":"WebSite","@id":"https:\/\/exim.splendex.dev\/en\/#website","url":"https:\/\/exim.splendex.dev\/en\/","name":"EXIM","description":"","potentialAction":[{"@type":"SearchAction","target":{"@type":"EntryPoint","urlTemplate":"https:\/\/exim.splendex.dev\/en\/?s={search_term_string}"},"query-input":{"@type":"PropertyValueSpecification","valueRequired":true,"valueName":"search_term_string"}}],"inLanguage":"en-US"}]}},"acf":[],"_links":{"self":[{"href":"https:\/\/exim.splendex.dev\/en\/wp-json\/wp\/v2\/pages\/2159","targetHints":{"allow":["GET"]}}],"collection":[{"href":"https:\/\/exim.splendex.dev\/en\/wp-json\/wp\/v2\/pages"}],"about":[{"href":"https:\/\/exim.splendex.dev\/en\/wp-json\/wp\/v2\/types\/page"}],"author":[{"embeddable":true,"href":"https:\/\/exim.splendex.dev\/en\/wp-json\/wp\/v2\/users\/1"}],"replies":[{"embeddable":true,"href":"https:\/\/exim.splendex.dev\/en\/wp-json\/wp\/v2\/comments?post=2159"}],"version-history":[{"count":1,"href":"https:\/\/exim.splendex.dev\/en\/wp-json\/wp\/v2\/pages\/2159\/revisions"}],"predecessor-version":[{"id":2160,"href":"https:\/\/exim.splendex.dev\/en\/wp-json\/wp\/v2\/pages\/2159\/revisions\/2160"}],"wp:attachment":[{"href":"https:\/\/exim.splendex.dev\/en\/wp-json\/wp\/v2\/media?parent=2159"}],"curies":[{"name":"wp","href":"https:\/\/api.w.org\/{rel}","templated":true}]}}