{"id":20322,"date":"2024-05-12T22:36:18","date_gmt":"2024-05-12T20:36:18","guid":{"rendered":"https:\/\/uat.exim.splendex.dev\/?page_id=20322"},"modified":"2024-05-22T13:41:43","modified_gmt":"2024-05-22T11:41:43","slug":"management","status":"publish","type":"page","link":"https:\/\/exim.splendex.dev\/en\/management\/","title":{"rendered":"Management"},"content":{"rendered":"\n<section class=\"subpage-hero acf-block\" id=\"subpage-hero\">\n\n      <div class=\"subpage-hero__card-wrapper\">  \n\n            \n            <div class=\"hero-card hero-card--secondary hero-card--disabled-video\">\n\n                \n                <div class=\"hero-card__content-wrapper\">\n\n                    <h1  class=\"hero-card__title\">Management<\/h1>\n                    \n                    \n                    \n                <\/div>\n\n                \n            <\/div>\n\n        \n      <\/div>\n\n      \n<\/section>\n\n\n          <div class=\"members-section acf-block cards mobile-card\" id=\"members-section-69f1769cd24e8\">\n      <div class=\"container\">\n                              <div class=\"members-section__wrapper accordion-container\">\n              <div class=\"members-section__title-wrapper\">\n                <h2 class=\"members-section__title\">Deputy Chief Executive Officers<\/h2>\n                <i class=\"members-section__accordion-icon accordion-icon\"><\/i>\n              <\/div>\n                              <div class=\"members-section__members accordion\">\n\n                                          <div class=\"member-card card\">\n      <span class=\"member-card__name\">Korn\u00e9l Kisgergely<\/span>\n      <span class=\"member-card__position\">Chief Executive Officer<\/span>\n    <\/div>\n                                          <div class=\"member-card empty card\">\n      <span class=\"member-card__name\"><\/span>\n      <span class=\"member-card__position\"><\/span>\n    <\/div>\n                                          <div class=\"member-card empty card\">\n      <span class=\"member-card__name\"><\/span>\n      <span class=\"member-card__position\"><\/span>\n    <\/div>\n                                          <div class=\"member-card card\">\n      <span class=\"member-card__name\">Dr. Adrienn Berta<\/span>\n      <span class=\"member-card__position\">Deputy CEO for Business Operations<\/span>\n    <\/div>\n                                          <div class=\"member-card card\">\n      <span class=\"member-card__name\">Mih\u00e1ly Hoffmann<\/span>\n      <span class=\"member-card__position\">Deputy CEO for Finance<\/span>\n    <\/div>\n                                          <div class=\"member-card card\">\n      <span class=\"member-card__name\">S\u00e1ndor Lad\u00e1nyi<\/span>\n      <span class=\"member-card__position\">Deputy CEO for Risk Management<\/span>\n    <\/div>\n                                  <\/div>\n                          <\/div>\n                        <\/div>\n    <\/div>\n  \n\n          <div class=\"members-section acf-block cards_with_background mobile-accordion\" id=\"members-section-69f1769cd2f78\">\n      <div class=\"container\">\n                              <div class=\"members-section__wrapper accordion-container\">\n              <div class=\"members-section__title-wrapper\">\n                <h2 class=\"members-section__title\">BOARD OF DIRECTORS<\/h2>\n                <i class=\"members-section__accordion-icon accordion-icon\"><\/i>\n              <\/div>\n                              <div class=\"members-section__members accordion\">\n\n                                          <div class=\"member-card card\">\n      <span class=\"member-card__name\">Korn\u00e9l Kisgergely<\/span>\n      <span class=\"member-card__position\">Chairman of the Board<\/span>\n    <\/div>\n                                          <div class=\"member-card empty card\">\n      <span class=\"member-card__name\"><\/span>\n      <span class=\"member-card__position\"><\/span>\n    <\/div>\n                                          <div class=\"member-card empty card\">\n      <span class=\"member-card__name\"><\/span>\n      <span class=\"member-card__position\"><\/span>\n    <\/div>\n                                          <div class=\"member-card card\">\n      <span class=\"member-card__name\">Dr. Adrienn Berta<\/span>\n      <span class=\"member-card__position\"><\/span>\n    <\/div>\n                                          <div class=\"member-card card\">\n      <span class=\"member-card__name\">Botond Besesek <\/span>\n      <span class=\"member-card__position\"><\/span>\n    <\/div>\n                                          <div class=\"member-card card\">\n      <span class=\"member-card__name\">Csilla Horv\u00e1th<\/span>\n      <span class=\"member-card__position\"><\/span>\n    <\/div>\n                                          <div class=\"member-card card\">\n      <span class=\"member-card__name\">Norbert Izer<\/span>\n      <span class=\"member-card__position\"><\/span>\n    <\/div>\n                                          <div class=\"member-card card\">\n      <span class=\"member-card__name\">M\u00e1t\u00e9 L\u00f3ga <\/span>\n      <span class=\"member-card__position\"><\/span>\n    <\/div>\n                                          <div class=\"member-card card\">\n      <span class=\"member-card__name\">Dr. Anik\u00f3 T\u00fari <\/span>\n      <span class=\"member-card__position\"><\/span>\n    <\/div>\n                                  <\/div>\n                          <\/div>\n                      <div class=\"members-section__wrapper accordion-container\">\n              <div class=\"members-section__title-wrapper\">\n                <h2 class=\"members-section__title\">SUPERVISORY BOARD<\/h2>\n                <i class=\"members-section__accordion-icon accordion-icon\"><\/i>\n              <\/div>\n                              <div class=\"members-section__members accordion\">\n\n                                          <div class=\"member-card card\">\n      <span class=\"member-card__name\">Andrea Torzsa<\/span>\n      <span class=\"member-card__position\">Chairman<\/span>\n    <\/div>\n                                          <div class=\"member-card card\">\n      <span class=\"member-card__name\">Tam\u00e1s Bal\u00e1s<\/span>\n      <span class=\"member-card__position\"><\/span>\n    <\/div>\n                                          <div class=\"member-card card\">\n      <span class=\"member-card__name\">J\u00e1nos Eppel<\/span>\n      <span class=\"member-card__position\"><\/span>\n    <\/div>\n                                          <div class=\"member-card card\">\n      <span class=\"member-card__name\">Dr. Eszter Gyarmati <\/span>\n      <span class=\"member-card__position\"><\/span>\n    <\/div>\n                                          <div class=\"member-card card\">\n      <span class=\"member-card__name\">Bal\u00e1zs Kohut<\/span>\n      <span class=\"member-card__position\"><\/span>\n    <\/div>\n                                          <div class=\"member-card card\">\n      <span class=\"member-card__name\">Dr. L\u00e1szl\u00f3 Parragh <\/span>\n      <span class=\"member-card__position\"><\/span>\n    <\/div>\n                                  <\/div>\n                          <\/div>\n                        <\/div>\n    <\/div>\n  \n\n          <div class=\"members-section acf-block basic mobile-accordion\" id=\"members-section-69f1769cd3f91\">\n      <div class=\"container\">\n                              <div class=\"members-section__wrapper accordion-container\">\n              <div class=\"members-section__title-wrapper\">\n                <h2 class=\"members-section__title\">Department Heads <\/h2>\n                <i class=\"members-section__accordion-icon accordion-icon\"><\/i>\n              <\/div>\n                              <div class=\"members-section__members accordion\">\n\n                                          <div class=\"member-card basic\">\n      <span class=\"member-card__name\">R\u00f3bert Bartus<\/span>\n      <span class=\"member-card__position\">Corporate and Structured Risk Management and Work Out Director<\/span>\n    <\/div>\n                                          <div class=\"member-card basic\">\n      <span class=\"member-card__name\">Zsuzsanna Bred\u00e1n<\/span>\n      <span class=\"member-card__position\">Director of Human Resources and Organasational Development<\/span>\n    <\/div>\n                                          <div class=\"member-card basic\">\n      <span class=\"member-card__name\">Bal\u00e1zs Gy\u00f6rgy Cz\u00e9kus-G\u00e1l<\/span>\n      <span class=\"member-card__position\">Specialist &#8211; Equity funds <\/span>\n    <\/div>\n                                          <div class=\"member-card basic\">\n      <span class=\"member-card__name\">Dr. Istv\u00e1n P\u00e9ter Dank\u00f3<\/span>\n      <span class=\"member-card__position\">Director of Internal Audit<\/span>\n    <\/div>\n                                          <div class=\"member-card basic\">\n      <span class=\"member-card__name\">\u00c1kos D\u00f6lle<\/span>\n      <span class=\"member-card__position\">Treasury Director<\/span>\n    <\/div>\n                                          <div class=\"member-card basic\">\n      <span class=\"member-card__name\">Dr. Tam\u00e1s Krist\u00f3f<\/span>\n      <span class=\"member-card__position\">Director of Risk Management Methodology and Control<\/span>\n    <\/div>\n                                          <div class=\"member-card basic\">\n      <span class=\"member-card__name\">Dr. \u00c9va Dud\u00e1s<\/span>\n      <span class=\"member-card__position\">Director of Compliance<\/span>\n    <\/div>\n                                          <div class=\"member-card basic\">\n      <span class=\"member-card__name\">N\u00f3ra El-Anani<\/span>\n      <span class=\"member-card__position\">Director of Refinancing<\/span>\n    <\/div>\n                                          <div class=\"member-card basic\">\n      <span class=\"member-card__name\">Zolt\u00e1n Forg\u00e1cs<\/span>\n      <span class=\"member-card__position\">Back Office Director<\/span>\n    <\/div>\n                                          <div class=\"member-card basic\">\n      <span class=\"member-card__name\">Bal\u00e1zs Gyenes<\/span>\n      <span class=\"member-card__position\">Head of IT Development<\/span>\n    <\/div>\n                                          <div class=\"member-card basic\">\n      <span class=\"member-card__name\">Ferenc Gy\u00e9m\u00e1nt<\/span>\n      <span class=\"member-card__position\">Director of Business Analysis Development\/Managing Director of IT<\/span>\n    <\/div>\n                                          <div class=\"member-card basic\">\n      <span class=\"member-card__name\">Dr. G\u00e1bor H\u00f3dosi<\/span>\n      <span class=\"member-card__position\">Data Protection Officer<\/span>\n    <\/div>\n                                          <div class=\"member-card basic\">\n      <span class=\"member-card__name\">Nikolett Istenes<\/span>\n      <span class=\"member-card__position\">Director of Marketing and Communications<\/span>\n    <\/div>\n                                          <div class=\"member-card basic\">\n      <span class=\"member-card__name\">Krisztina Ivanics<\/span>\n      <span class=\"member-card__position\">Director of Product Development and Sales Support<\/span>\n    <\/div>\n                                          <div class=\"member-card basic\">\n      <span class=\"member-card__name\">\u00c9va Kabai<\/span>\n      <span class=\"member-card__position\">Director Export Finance, Insurance and External Relations<\/span>\n    <\/div>\n                                          <div class=\"member-card basic\">\n      <span class=\"member-card__name\">M\u00e1rton Kov\u00e1cs<\/span>\n      <span class=\"member-card__position\">Head of Nur-Sultan Office<\/span>\n    <\/div>\n                                          <div class=\"member-card basic\">\n      <span class=\"member-card__name\">G\u00e1bor Luk\u00e1cs<\/span>\n      <span class=\"member-card__position\">Head of Beograd Office<\/span>\n    <\/div>\n                                          <div class=\"member-card basic\">\n      <span class=\"member-card__name\">M\u00e1ria Meszes Krisztina<\/span>\n      <span class=\"member-card__position\">Head of the CEO&#8217;s Cabinet<\/span>\n    <\/div>\n                                          <div class=\"member-card basic\">\n      <span class=\"member-card__name\">Zsolt Nagy<\/span>\n      <span class=\"member-card__position\">Director of IT Operations<\/span>\n    <\/div>\n                                          <div class=\"member-card basic\">\n      <span class=\"member-card__name\">Gy\u00f6rgyi Rehoregh<\/span>\n      <span class=\"member-card__position\">Director of Foreign Corporate Risk Management and Claims<\/span>\n    <\/div>\n                                          <div class=\"member-card basic\">\n      <span class=\"member-card__name\">B\u00e9la S\u00f3lyom<\/span>\n      <span class=\"member-card__position\">Director of Controlling and Reporting<\/span>\n    <\/div>\n                                          <div class=\"member-card basic\">\n      <span class=\"member-card__name\">K\u00e1roly Stef\u00e1ni<\/span>\n      <span class=\"member-card__position\">Director of Project and Structured Finance<\/span>\n    <\/div>\n                                          <div class=\"member-card basic\">\n      <span class=\"member-card__name\">Istv\u00e1n Sz\u00e9ll<\/span>\n      <span class=\"member-card__position\">Director of Corporate Finance and Credit Collateral Guarantee<\/span>\n    <\/div>\n                                          <div class=\"member-card basic\">\n      <span class=\"member-card__name\">Gy\u00f6rgyi Szocska<\/span>\n      <span class=\"member-card__position\">Director of Accounting and Procurement<\/span>\n    <\/div>\n                                          <div class=\"member-card basic\">\n      <span class=\"member-card__name\">G\u00e1bor Szombati <\/span>\n      <span class=\"member-card__position\">Director of Project Office and Project Human Resources <\/span>\n    <\/div>\n                                          <div class=\"member-card basic\">\n      <span class=\"member-card__name\">Dr. \u00c1gnes Tak\u00e1cs<\/span>\n      <span class=\"member-card__position\">Director of Legal Affairs<\/span>\n    <\/div>\n                                          <div class=\"member-card basic\">\n      <span class=\"member-card__name\">dr. Tam\u00e1s T\u00f3th<\/span>\n      <span class=\"member-card__position\">Director of Strategy and Coordination<\/span>\n    <\/div>\n                                          <div class=\"member-card basic\">\n      <span class=\"member-card__name\">Tugay Arda<\/span>\n      <span class=\"member-card__position\">Head of Istambul Office<\/span>\n    <\/div>\n                                          <div class=\"member-card basic\">\n      <span class=\"member-card__name\">Bal\u00e1zs Wintermantel<\/span>\n      <span class=\"member-card__position\">Director of Bank &#038; Information Security and Operations<\/span>\n    <\/div>\n                                  <\/div>\n                          <\/div>\n                        <\/div>\n    <\/div>\n  ","protected":false},"excerpt":{"rendered":"","protected":false},"author":2,"featured_media":10400,"parent":0,"menu_order":0,"comment_status":"closed","ping_status":"closed","template":"","meta":{"_acf_changed":false,"footnotes":""},"class_list":["post-20322","page","type-page","status-publish","has-post-thumbnail","hentry"],"yoast_head":"<!-- This site is optimized with the Yoast SEO plugin v26.8-RC7 - https:\/\/yoast.com\/product\/yoast-seo-wordpress\/ -->\n<title>Management - EXIM<\/title>\n<meta name=\"description\" content=\"Fels\u0151vezet\u0151k, Igazgat\u00f3s\u00e1g tiszts\u00e9gvisel\u0151i, Fel\u00fcgyel\u0151 bizotts\u00e1g tiszts\u00e9gvisel\u0151i, Szervezeti egys\u00e9gek \u00e9s k\u00fclk\u00e9pviseletek vezet\u0151i\" \/>\n<meta name=\"robots\" content=\"index, follow, max-snippet:-1, max-image-preview:large, max-video-preview:-1\" \/>\n<link rel=\"canonical\" href=\"https:\/\/exim.splendex.dev\/vezetoseg\/\" \/>\n<meta property=\"og:locale\" content=\"en_US\" \/>\n<meta property=\"og:type\" content=\"article\" \/>\n<meta property=\"og:title\" content=\"Management - EXIM\" \/>\n<meta property=\"og:description\" content=\"Fels\u0151vezet\u0151k, Igazgat\u00f3s\u00e1g tiszts\u00e9gvisel\u0151i, Fel\u00fcgyel\u0151 bizotts\u00e1g tiszts\u00e9gvisel\u0151i, Szervezeti egys\u00e9gek \u00e9s k\u00fclk\u00e9pviseletek vezet\u0151i\" \/>\n<meta property=\"og:url\" content=\"https:\/\/exim.splendex.dev\/vezetoseg\/\" \/>\n<meta property=\"og:site_name\" content=\"EXIM\" \/>\n<meta property=\"article:modified_time\" content=\"2024-05-22T11:41:43+00:00\" \/>\n<meta property=\"og:image\" content=\"http:\/\/exim.local\/wp-content\/uploads\/exim_SEO_thumbnail.png\" \/>\n\t<meta property=\"og:image:width\" content=\"1200\" \/>\n\t<meta property=\"og:image:height\" content=\"630\" \/>\n\t<meta property=\"og:image:type\" content=\"image\/png\" \/>\n<meta name=\"twitter:card\" content=\"summary_large_image\" \/>\n<meta name=\"twitter:label1\" content=\"Est. reading time\" \/>\n\t<meta name=\"twitter:data1\" content=\"1 minute\" \/>\n<script type=\"application\/ld+json\" class=\"yoast-schema-graph\">{\"@context\":\"https:\/\/schema.org\",\"@graph\":[{\"@type\":\"WebPage\",\"@id\":\"https:\/\/exim.splendex.dev\/vezetoseg\/\",\"url\":\"https:\/\/exim.splendex.dev\/vezetoseg\/\",\"name\":\"Management - EXIM\",\"isPartOf\":{\"@id\":\"https:\/\/exim.splendex.dev\/en\/#website\"},\"primaryImageOfPage\":{\"@id\":\"https:\/\/exim.splendex.dev\/vezetoseg\/#primaryimage\"},\"image\":{\"@id\":\"https:\/\/exim.splendex.dev\/vezetoseg\/#primaryimage\"},\"thumbnailUrl\":\"https:\/\/exim.splendex.dev\/wp-content\/uploads\/exim_SEO_thumbnail.png\",\"datePublished\":\"2024-05-12T20:36:18+00:00\",\"dateModified\":\"2024-05-22T11:41:43+00:00\",\"description\":\"Fels\u0151vezet\u0151k, Igazgat\u00f3s\u00e1g tiszts\u00e9gvisel\u0151i, Fel\u00fcgyel\u0151 bizotts\u00e1g tiszts\u00e9gvisel\u0151i, Szervezeti egys\u00e9gek \u00e9s k\u00fclk\u00e9pviseletek vezet\u0151i\",\"breadcrumb\":{\"@id\":\"https:\/\/exim.splendex.dev\/vezetoseg\/#breadcrumb\"},\"inLanguage\":\"en-US\",\"potentialAction\":[{\"@type\":\"ReadAction\",\"target\":[\"https:\/\/exim.splendex.dev\/vezetoseg\/\"]}]},{\"@type\":\"ImageObject\",\"inLanguage\":\"en-US\",\"@id\":\"https:\/\/exim.splendex.dev\/vezetoseg\/#primaryimage\",\"url\":\"https:\/\/exim.splendex.dev\/wp-content\/uploads\/exim_SEO_thumbnail.png\",\"contentUrl\":\"https:\/\/exim.splendex.dev\/wp-content\/uploads\/exim_SEO_thumbnail.png\",\"width\":1200,\"height\":630,\"caption\":\"exim\"},{\"@type\":\"BreadcrumbList\",\"@id\":\"https:\/\/exim.splendex.dev\/vezetoseg\/#breadcrumb\",\"itemListElement\":[{\"@type\":\"ListItem\",\"position\":1,\"name\":\"Home\",\"item\":\"https:\/\/exim.splendex.dev\/en\/\"},{\"@type\":\"ListItem\",\"position\":2,\"name\":\"Management\"}]},{\"@type\":\"WebSite\",\"@id\":\"https:\/\/exim.splendex.dev\/en\/#website\",\"url\":\"https:\/\/exim.splendex.dev\/en\/\",\"name\":\"EXIM\",\"description\":\"\",\"potentialAction\":[{\"@type\":\"SearchAction\",\"target\":{\"@type\":\"EntryPoint\",\"urlTemplate\":\"https:\/\/exim.splendex.dev\/en\/?s={search_term_string}\"},\"query-input\":{\"@type\":\"PropertyValueSpecification\",\"valueRequired\":true,\"valueName\":\"search_term_string\"}}],\"inLanguage\":\"en-US\"}]}<\/script>\n<!-- \/ Yoast SEO plugin. -->","yoast_head_json":{"title":"Management - EXIM","description":"Fels\u0151vezet\u0151k, Igazgat\u00f3s\u00e1g tiszts\u00e9gvisel\u0151i, Fel\u00fcgyel\u0151 bizotts\u00e1g tiszts\u00e9gvisel\u0151i, Szervezeti egys\u00e9gek \u00e9s k\u00fclk\u00e9pviseletek vezet\u0151i","robots":{"index":"index","follow":"follow","max-snippet":"max-snippet:-1","max-image-preview":"max-image-preview:large","max-video-preview":"max-video-preview:-1"},"canonical":"https:\/\/exim.splendex.dev\/vezetoseg\/","og_locale":"en_US","og_type":"article","og_title":"Management - EXIM","og_description":"Fels\u0151vezet\u0151k, Igazgat\u00f3s\u00e1g tiszts\u00e9gvisel\u0151i, Fel\u00fcgyel\u0151 bizotts\u00e1g tiszts\u00e9gvisel\u0151i, Szervezeti egys\u00e9gek \u00e9s k\u00fclk\u00e9pviseletek vezet\u0151i","og_url":"https:\/\/exim.splendex.dev\/vezetoseg\/","og_site_name":"EXIM","article_modified_time":"2024-05-22T11:41:43+00:00","og_image":[{"width":1200,"height":630,"url":"http:\/\/exim.local\/wp-content\/uploads\/exim_SEO_thumbnail.png","type":"image\/png"}],"twitter_card":"summary_large_image","twitter_misc":{"Est. reading time":"1 minute"},"schema":{"@context":"https:\/\/schema.org","@graph":[{"@type":"WebPage","@id":"https:\/\/exim.splendex.dev\/vezetoseg\/","url":"https:\/\/exim.splendex.dev\/vezetoseg\/","name":"Management - EXIM","isPartOf":{"@id":"https:\/\/exim.splendex.dev\/en\/#website"},"primaryImageOfPage":{"@id":"https:\/\/exim.splendex.dev\/vezetoseg\/#primaryimage"},"image":{"@id":"https:\/\/exim.splendex.dev\/vezetoseg\/#primaryimage"},"thumbnailUrl":"https:\/\/exim.splendex.dev\/wp-content\/uploads\/exim_SEO_thumbnail.png","datePublished":"2024-05-12T20:36:18+00:00","dateModified":"2024-05-22T11:41:43+00:00","description":"Fels\u0151vezet\u0151k, Igazgat\u00f3s\u00e1g tiszts\u00e9gvisel\u0151i, Fel\u00fcgyel\u0151 bizotts\u00e1g tiszts\u00e9gvisel\u0151i, Szervezeti egys\u00e9gek \u00e9s k\u00fclk\u00e9pviseletek vezet\u0151i","breadcrumb":{"@id":"https:\/\/exim.splendex.dev\/vezetoseg\/#breadcrumb"},"inLanguage":"en-US","potentialAction":[{"@type":"ReadAction","target":["https:\/\/exim.splendex.dev\/vezetoseg\/"]}]},{"@type":"ImageObject","inLanguage":"en-US","@id":"https:\/\/exim.splendex.dev\/vezetoseg\/#primaryimage","url":"https:\/\/exim.splendex.dev\/wp-content\/uploads\/exim_SEO_thumbnail.png","contentUrl":"https:\/\/exim.splendex.dev\/wp-content\/uploads\/exim_SEO_thumbnail.png","width":1200,"height":630,"caption":"exim"},{"@type":"BreadcrumbList","@id":"https:\/\/exim.splendex.dev\/vezetoseg\/#breadcrumb","itemListElement":[{"@type":"ListItem","position":1,"name":"Home","item":"https:\/\/exim.splendex.dev\/en\/"},{"@type":"ListItem","position":2,"name":"Management"}]},{"@type":"WebSite","@id":"https:\/\/exim.splendex.dev\/en\/#website","url":"https:\/\/exim.splendex.dev\/en\/","name":"EXIM","description":"","potentialAction":[{"@type":"SearchAction","target":{"@type":"EntryPoint","urlTemplate":"https:\/\/exim.splendex.dev\/en\/?s={search_term_string}"},"query-input":{"@type":"PropertyValueSpecification","valueRequired":true,"valueName":"search_term_string"}}],"inLanguage":"en-US"}]}},"acf":[],"_links":{"self":[{"href":"https:\/\/exim.splendex.dev\/en\/wp-json\/wp\/v2\/pages\/20322","targetHints":{"allow":["GET"]}}],"collection":[{"href":"https:\/\/exim.splendex.dev\/en\/wp-json\/wp\/v2\/pages"}],"about":[{"href":"https:\/\/exim.splendex.dev\/en\/wp-json\/wp\/v2\/types\/page"}],"author":[{"embeddable":true,"href":"https:\/\/exim.splendex.dev\/en\/wp-json\/wp\/v2\/users\/2"}],"replies":[{"embeddable":true,"href":"https:\/\/exim.splendex.dev\/en\/wp-json\/wp\/v2\/comments?post=20322"}],"version-history":[{"count":4,"href":"https:\/\/exim.splendex.dev\/en\/wp-json\/wp\/v2\/pages\/20322\/revisions"}],"predecessor-version":[{"id":20326,"href":"https:\/\/exim.splendex.dev\/en\/wp-json\/wp\/v2\/pages\/20322\/revisions\/20326"}],"wp:featuredmedia":[{"embeddable":true,"href":"https:\/\/exim.splendex.dev\/en\/wp-json\/wp\/v2\/media\/10400"}],"wp:attachment":[{"href":"https:\/\/exim.splendex.dev\/en\/wp-json\/wp\/v2\/media?parent=20322"}],"curies":[{"name":"wp","href":"https:\/\/api.w.org\/{rel}","templated":true}]}}