{"id":1928,"date":"2024-02-14T13:37:58","date_gmt":"2024-02-14T12:37:58","guid":{"rendered":"https:\/\/uat.exim.splendex.dev\/kezdolap\/"},"modified":"2024-06-04T14:15:21","modified_gmt":"2024-06-04T12:15:21","slug":"kezdolap","status":"publish","type":"page","link":"https:\/\/exim.splendex.dev\/en\/","title":{"rendered":"Homepage"},"content":{"rendered":"\n<div class=\"homepage-hero acf-block \" id=\"homepage-hero\">\n\n    <div class=\"homepage-hero__hero-card-wrapper justDesktop\">\n\n        \n            <div class=\"hero-card hero-card--primary hero-card--video\">\n\n                                    <video autoplay muted loop class=\"hero-card__video\" playsinline>\n                        <source src=\"https:\/\/exim.splendex.dev\/wp-content\/themes\/frontend\/assets\/videos\/video-hero-career.mp4\" type=\"video\/mp4\">\n                    <\/video>\n                                            <button\n                            class=\"hero-card__video-toggle\"\n                            type=\"button\"\n                            aria-label=\"Pause background video\"\n                            aria-pressed=\"false\"\n                            data-initial-state=\"playing\">\n                            <span class=\"hero-card__video-toggle-text\">Pause<\/span>\n                        <\/button>\n                                    \n                <div class=\"hero-card__content-wrapper\">\n\n                    <div  class=\"hero-card__title\"><span style=\"color: var(--primary-01)\">EXIM HUNGARY,<\/span> THE BANK FOR DOMESTIC ENTERPRISES<\/div><h1 class=\"sr-only\"  class=\"hero-card__title\">Homepage<\/h1>\n                                            <div class=\"hero-card__description\">\n                            <p>With our unique financing solutions, we help you achieve stable growth for your enterprise.<\/p>\n                        <\/div>\n                    \n                    \n                    \n                <\/div>\n\n                \n            <\/div>\n\n        \n    <\/div>\n\n    <div class=\"homepage-hero__hero-card-wrapper justPhone\">\n\n        \n            <div class=\"hero-card hero-card--primary hero-card--video\">\n\n                                    <video autoplay muted loop class=\"hero-card__video\" playsinline>\n                        <source src=\"https:\/\/exim.splendex.dev\/wp-content\/themes\/frontend\/assets\/videos\/video-hero-career.mp4\" type=\"video\/mp4\">\n                    <\/video>\n                                            <button\n                            class=\"hero-card__video-toggle\"\n                            type=\"button\"\n                            aria-label=\"Pause background video\"\n                            aria-pressed=\"false\"\n                            data-initial-state=\"playing\">\n                            <span class=\"hero-card__video-toggle-text\">Pause<\/span>\n                        <\/button>\n                                    \n                <div class=\"hero-card__content-wrapper\">\n\n                    <div  class=\"hero-card__title\"><span style=\"color: var(--primary-01)\">EXIM HUNGARY,<\/span> THE BANK FOR DOMESTIC ENTERPRISES<\/div>\n                                            <div class=\"hero-card__description\">\n                            <p>With our unique financing solutions, we help you achieve stable growth for your enterprise.<\/p>\n                        <\/div>\n                    \n                    \n                    \n                <\/div>\n\n                \n            <\/div>\n\n        \n    <\/div>\n\n            <div class=\"container\">\n            <div class=\"homepage-hero__block-description\"><p><strong>AS THE FINANCIAL ENGINE OF THE HUNGARIAN ECONOMY<\/strong> we believe in the strength of domestic enterprises and do our best to help them succeed. With our professional knowledge, experience and international relations acquired over our almost 30 years of operation, we have helped to bring Hungarian products or services to nearly 120 countries around the world via our financial instruments, while our domestic financing programmes create new opportunities for growth.<\/p>\n<\/div>\n        <\/div>\n    \n<\/div>\n\n\n\n<div class=\"wp-block-group has-background\" style=\"background-color:#fafcfa\"><div class=\"wp-block-group__inner-container is-layout-constrained wp-block-group-is-layout-constrained\">\n<div style=\"height:4rem\" aria-hidden=\"true\" class=\"wp-block-spacer hidden-md-down\"><\/div>\n\n\n\n<div style=\"height:3rem\" aria-hidden=\"true\" class=\"wp-block-spacer\"><\/div>\n<\/div><\/div>\n\n\n\n<div class=\"icon-card-section acf-block\" id=\"icon-card-section-block_14bc5f847c6ac38299e912c2a6123885\">\n\n    <div class=\"icon-card-section__wrapper\">\n\n        <div class=\"container\">\n\n            \n            \n                <div class=\"icon-card-section__cards-wrapper \">\n            \n                                    \n                            \n                    <a href=\"https:\/\/exim.splendex.dev\/en\/bank-guarantees\/\">\n        \n            <article class=\"icon-card icon-card--primary\">\n\n                <img decoding=\"async\" src=\"https:\/\/exim.splendex.dev\/wp-content\/uploads\/2024\/02\/Group2.svg\" class=\"icon-card__icon\" alt=\"\" aria-hidden=\"true\" \/>\n                                    <header>\n                        <h3 class=\"icon-card__title\">bank guarantiees<\/h3>\n                    <\/header>\n                \n                \n            <\/article>\n\n                    <\/a>\n        \n                        \n                                    \n                            \n                    <a href=\"https:\/\/exim.splendex.dev\/en\/buyer-credit-discounting-facilities\/\">\n        \n            <article class=\"icon-card icon-card--primary\">\n\n                <img decoding=\"async\" src=\"https:\/\/exim.splendex.dev\/wp-content\/uploads\/2024\/02\/Group7.svg\" class=\"icon-card__icon\" alt=\"\" aria-hidden=\"true\" \/>\n                                    <header>\n                        <h3 class=\"icon-card__title\">Buyer credit, discounting facilities<\/h3>\n                    <\/header>\n                \n                \n            <\/article>\n\n                    <\/a>\n        \n                        \n                                    \n                            \n                    <a href=\"https:\/\/exim.splendex.dev\/en\/credit-insurance\/\">\n        \n            <article class=\"icon-card icon-card--primary\">\n\n                <img decoding=\"async\" src=\"https:\/\/exim.splendex.dev\/wp-content\/uploads\/2024\/02\/Group8.svg\" class=\"icon-card__icon\" alt=\"\" aria-hidden=\"true\" \/>\n                                    <header>\n                        <h3 class=\"icon-card__title\">Credit insurance<\/h3>\n                    <\/header>\n                \n                \n            <\/article>\n\n                    <\/a>\n        \n                        \n                                    \n                            \n                    <a href=\"https:\/\/exim.splendex.dev\/en\/private-equity-and-venture-capital-funds\/\">\n        \n            <article class=\"icon-card icon-card--primary\">\n\n                <img decoding=\"async\" src=\"https:\/\/exim.splendex.dev\/wp-content\/uploads\/2024\/02\/Group9.svg\" class=\"icon-card__icon\" alt=\"\" aria-hidden=\"true\" \/>\n                                    <header>\n                        <h3 class=\"icon-card__title\">Private equity and venture capital fund<\/h3>\n                    <\/header>\n                \n                \n            <\/article>\n\n                    <\/a>\n        \n                        \n                    \n                <\/div>\n            \n            \n        <\/div>\n\n    <\/div>\n\n<\/div>\n\n\n<section class=\"map-block acf-block\" id=\"map-block\">\n  <div class=\"map-block__container\">\n          <div class=\"container\">\n        <h2 class=\"map-block__title\">\n            country risk        <\/h2>\n\t            <\/div>\n              <div class=\"map-block__container--inner\">\n          <div class=\"map_wrapper\" id=\"map_wrapper_2746\">\n<div class=\"map_box\" style=\"max-width:2000px\">\n<div class=\"map_aspect_ratio\" style=\"padding-top:56%\" data-padding-top=\"56%\" data-padding-top-mobile=\"0%\">\n<div class=\"map_container\">\n<div class=\"map_render map_loading\" id=\"map_2746\"><\/div>\n<\/div>\n<\/div>\n<\/div>\n<\/div>      <\/div>\n          <div class=\"container\">\n    <div class=\"map-block__cards-wrapper\">\n                      <div class=\"map-block__card\">\n                <div class=\"map-block__card-color\" style=\"background-color: #38bfa8;\">\n                <\/div>\n                <div class=\"map-block__card-title\">Cover without any restriction in case of M\/LT transactions<\/div>\n              <\/div>\n                          <div class=\"map-block__card\">\n                <div class=\"map-block__card-color\" style=\"background-color: #8fe1a1;\">\n                <\/div>\n                <div class=\"map-block__card-title\">Cover without any restriction in case of ST; M\/LT transactions<\/div>\n              <\/div>\n                          <div class=\"map-block__card\">\n                <div class=\"map-block__card-color\" style=\"background-color: #fab233;\">\n                <\/div>\n                <div class=\"map-block__card-title\">Cover on case by case basis in case of ST; M\/LT transactions<\/div>\n              <\/div>\n                          <div class=\"map-block__card\">\n                <div class=\"map-block__card-color\" style=\"background-color: #f06b54;\">\n                <\/div>\n                <div class=\"map-block__card-title\">Off cover or temporarily off cover<\/div>\n              <\/div>\n                <\/div>\n      \n    <div class=\"button-block acf-block button-block--left\">\n\n        <a target=\"_self\"  href=\"https:\/\/exim.splendex.dev\/en\/country-risk\/\" class=\"button button--normal button--secondary button--\" role=\"button\">Country Risk<\/a>\n    <\/div>\n\n\n\n        <\/div>\n  <\/div>\n<\/section>\n\n\n\n<section class=\"news-block acf-block\" id=\"news-block\">\n  <div class=\"container\">\n\t          <h2 class=\"news-block__title\">\n\t\t\tEXIM NEWS        <\/h2>\n\t      <div class=\"news-block__article-wrapper row\">\n      <div class=\"col-md-8\">\n\t\t  <article class=\"article-card article-card--primary\" itemscope=\"itemscope\"><a href=\"https:\/\/exim.splendex.dev\/en\/exim-hungary-announces-the-winners-of-the-first-culture-without-borders-scholarship-competition\/\" rel=\"bookmark\" aria-hidden=\"true\" role=\"presentation\" tabindex=\"-1\">\n                <div class=\"article-card__image-wrapper\">\n                <img decoding=\"async\" width=\"1024\" height=\"683\" src=\"https:\/\/exim.splendex.dev\/wp-content\/uploads\/2024\/04\/HK_koncert-1-1024x683.jpg\" class=\"article-card__featured-image wp-post-image\" alt=\"HK_koncert\" loading=\"lazy\" srcset=\"https:\/\/exim.splendex.dev\/wp-content\/uploads\/2024\/04\/HK_koncert-1-1024x683.jpg 1024w, https:\/\/exim.splendex.dev\/wp-content\/uploads\/2024\/04\/HK_koncert-1-300x200.jpg 300w, https:\/\/exim.splendex.dev\/wp-content\/uploads\/2024\/04\/HK_koncert-1-768x512.jpg 768w, https:\/\/exim.splendex.dev\/wp-content\/uploads\/2024\/04\/HK_koncert-1-1536x1024.jpg 1536w, https:\/\/exim.splendex.dev\/wp-content\/uploads\/2024\/04\/HK_koncert-1-2048x1366.jpg 2048w\" sizes=\"auto, (max-width: 1024px) 100vw, 1024px\" \/>\n                <\/div>\n            <\/a>\n           \n      <header class=\"article-card__header\">\n        <div class=\"article-card__header-categories\">\n\n\t\t\t<a href=\"http:\/\/primary\" class=\"badge badge--primary badge--normal badge--clickable\">EXIM news<\/a>\n        <\/div>\n\n\t\t  <a href=\"https:\/\/exim.splendex.dev\/en\/exim-hungary-announces-the-winners-of-the-first-culture-without-borders-scholarship-competition\/\" rel=\"bookmark\">\n                <h3 class=\"article-card__title\" itemprop=\"headline\">EXIM Hungary announces the winners of the first culture without borders scholarship competition<\/h3>\n             <\/a>\n      <\/header>\n      <footer class=\"article-card__footer\">\n\t\t  <a href=\"https:\/\/exim.splendex.dev\/en\/exim-hungary-announces-the-winners-of-the-first-culture-without-borders-scholarship-competition\/\" class=\"article-card__footer-publish-time\" rel=\"bookmark\" aria-hidden=\"true\" role=\"presentation\" tabindex=\"-1\">\n            <time itemprop=\"datePublished\" datetime=\"2024-03-25T09:30:00+00:00\">2024. March 25.<\/time>\n         <\/a>      <\/footer>\n      <\/a>\n      <\/article>\n\t\t      <\/div>\n      <div class=\"col-md-4\">\n\t\t  <article class=\"article-card article-card--secondary\" itemscope=\"itemscope\"><a href=\"https:\/\/exim.splendex.dev\/en\/exim-awards-2024-domestic-financial-institutions-receive-awards-in-9-categories\/\" rel=\"bookmark\" aria-hidden=\"true\" role=\"presentation\" tabindex=\"-1\">\n                <div class=\"article-card__image-wrapper\">\n                <img decoding=\"async\" width=\"300\" height=\"200\" src=\"https:\/\/exim.splendex.dev\/wp-content\/uploads\/2024\/04\/Szulinap-2-300x200.jpg\" class=\"article-card__featured-image wp-post-image\" alt=\"EXIM AWARDS 2024\" loading=\"lazy\" srcset=\"https:\/\/exim.splendex.dev\/wp-content\/uploads\/2024\/04\/Szulinap-2-300x200.jpg 300w, https:\/\/exim.splendex.dev\/wp-content\/uploads\/2024\/04\/Szulinap-2-1024x683.jpg 1024w, https:\/\/exim.splendex.dev\/wp-content\/uploads\/2024\/04\/Szulinap-2-768x512.jpg 768w, https:\/\/exim.splendex.dev\/wp-content\/uploads\/2024\/04\/Szulinap-2-1536x1024.jpg 1536w, https:\/\/exim.splendex.dev\/wp-content\/uploads\/2024\/04\/Szulinap-2-2048x1365.jpg 2048w\" sizes=\"auto, (max-width: 300px) 100vw, 300px\" \/>\n                <\/div>\n            <\/a>\n           \n      <header class=\"article-card__header\">\n        <div class=\"article-card__header-categories\">\n\n\t\t\t<a href=\"http:\/\/primary\" class=\"badge badge--primary badge--normal badge--clickable\">EXIM news<\/a>\n        <\/div>\n\n\t\t  <a href=\"https:\/\/exim.splendex.dev\/en\/exim-awards-2024-domestic-financial-institutions-receive-awards-in-9-categories\/\" rel=\"bookmark\">\n                <h3 class=\"article-card__title\" itemprop=\"headline\">EXIM Awards 2024: domestic financial institutions receive awards in 9 categories<\/h3>\n             <\/a>\n      <\/header>\n      <footer class=\"article-card__footer\">\n\t\t  <a href=\"https:\/\/exim.splendex.dev\/en\/exim-awards-2024-domestic-financial-institutions-receive-awards-in-9-categories\/\" class=\"article-card__footer-publish-time\" rel=\"bookmark\" aria-hidden=\"true\" role=\"presentation\" tabindex=\"-1\">\n            <time itemprop=\"datePublished\" datetime=\"2024-03-21T09:23:00+00:00\">2024. March 21.<\/time>\n         <\/a>      <\/footer>\n      <\/a>\n      <\/article>\n\t\t<article class=\"article-card article-card--secondary\" itemscope=\"itemscope\"><a href=\"https:\/\/exim.splendex.dev\/en\/exim-hungary-awarded-bond-issuer-of-the-year-at-the-budapest-stock-exchange-best-awards\/\" rel=\"bookmark\" aria-hidden=\"true\" role=\"presentation\" tabindex=\"-1\">\n                <div class=\"article-card__image-wrapper\">\n                <img decoding=\"async\" width=\"300\" height=\"165\" src=\"https:\/\/exim.splendex.dev\/wp-content\/uploads\/2024\/04\/0301_hirek_AZ-EV-BANKI-KOTVENYKIBOCSATOJA-CIMET-NYERTUK-EL-A-BET-LEGEK-DIJATADON-300x165.jpg\" class=\"article-card__featured-image wp-post-image\" alt=\"B\u00c9T Legek d\u00edj\u00e1tad\u00f3 2024\" loading=\"lazy\" srcset=\"https:\/\/exim.splendex.dev\/wp-content\/uploads\/2024\/04\/0301_hirek_AZ-EV-BANKI-KOTVENYKIBOCSATOJA-CIMET-NYERTUK-EL-A-BET-LEGEK-DIJATADON-300x165.jpg 300w, https:\/\/exim.splendex.dev\/wp-content\/uploads\/2024\/04\/0301_hirek_AZ-EV-BANKI-KOTVENYKIBOCSATOJA-CIMET-NYERTUK-EL-A-BET-LEGEK-DIJATADON-1024x563.jpg 1024w, https:\/\/exim.splendex.dev\/wp-content\/uploads\/2024\/04\/0301_hirek_AZ-EV-BANKI-KOTVENYKIBOCSATOJA-CIMET-NYERTUK-EL-A-BET-LEGEK-DIJATADON-768x422.jpg 768w, https:\/\/exim.splendex.dev\/wp-content\/uploads\/2024\/04\/0301_hirek_AZ-EV-BANKI-KOTVENYKIBOCSATOJA-CIMET-NYERTUK-EL-A-BET-LEGEK-DIJATADON-1536x845.jpg 1536w, https:\/\/exim.splendex.dev\/wp-content\/uploads\/2024\/04\/0301_hirek_AZ-EV-BANKI-KOTVENYKIBOCSATOJA-CIMET-NYERTUK-EL-A-BET-LEGEK-DIJATADON.jpg 2048w\" sizes=\"auto, (max-width: 300px) 100vw, 300px\" \/>\n                <\/div>\n            <\/a>\n           \n      <header class=\"article-card__header\">\n        <div class=\"article-card__header-categories\">\n\n\t\t\t<a href=\"http:\/\/primary\" class=\"badge badge--primary badge--normal badge--clickable\">EXIM news<\/a>\n        <\/div>\n\n\t\t  <a href=\"https:\/\/exim.splendex.dev\/en\/exim-hungary-awarded-bond-issuer-of-the-year-at-the-budapest-stock-exchange-best-awards\/\" rel=\"bookmark\">\n                <h3 class=\"article-card__title\" itemprop=\"headline\">EXIM Hungary awarded &#8216;bond issuer of the year&#8217; at the Budapest Stock Exchange Best Awards<\/h3>\n             <\/a>\n      <\/header>\n      <footer class=\"article-card__footer\">\n\t\t  <a href=\"https:\/\/exim.splendex.dev\/en\/exim-hungary-awarded-bond-issuer-of-the-year-at-the-budapest-stock-exchange-best-awards\/\" class=\"article-card__footer-publish-time\" rel=\"bookmark\" aria-hidden=\"true\" role=\"presentation\" tabindex=\"-1\">\n            <time itemprop=\"datePublished\" datetime=\"2024-03-01T09:20:00+00:00\">2024. March 01.<\/time>\n         <\/a>      <\/footer>\n      <\/a>\n      <\/article>\n\t\t\n      <\/div>\n    <\/div>\n\t  \n    <div class=\"button-block acf-block button-block--left\">\n\n        \n    <\/div>\n\n\n  <\/div>\n<\/section>\n\n\n\n<div class=\"icon-card-section acf-block has-background\" id=\"icon-card-section-block_beeee6cb455edcf2130dc86d1e2a2375\">\n\n    <div class=\"icon-card-section__wrapper\">\n\n        <div class=\"container\">\n\n                            <h2 class=\"icon-card-section__title block-title\"><span style=\"color: var(--highlight-01)\">Exim<\/span> IN NUMBERS<\/h2>\n            \n            \n                <div class=\"icon-card-section__cards-wrapper \">\n            \n                                    \n                            \n        \n            <article class=\"icon-card icon-card--secondary\">\n\n                <img decoding=\"async\" src=\"https:\/\/exim.splendex.dev\/wp-content\/uploads\/2024\/02\/Group-84.svg\" class=\"icon-card__icon\" alt=\"\" aria-hidden=\"true\" \/>\n                                    <header>\n                        <h3 class=\"icon-card__title\">6500 clients<\/h3>\n                    <\/header>\n                \n                                    <div class=\"icon-card__description\"><p>We have assisted more than 6500 corporate clients to achieve their goals.<\/p>\n<\/div>\n                \n            <\/article>\n\n        \n                        \n                                    \n                            \n        \n            <article class=\"icon-card icon-card--secondary\">\n\n                <img decoding=\"async\" src=\"https:\/\/exim.splendex.dev\/wp-content\/uploads\/2024\/02\/icon3.svg\" class=\"icon-card__icon\" alt=\"\" aria-hidden=\"true\" \/>\n                                    <header>\n                        <h3 class=\"icon-card__title\">87% SMEs<\/h3>\n                    <\/header>\n                \n                                    <div class=\"icon-card__description\"><p>87% of our clients operate in the SME sector.<\/p>\n<\/div>\n                \n            <\/article>\n\n        \n                        \n                                    \n                            \n        \n            <article class=\"icon-card icon-card--secondary\">\n\n                <img decoding=\"async\" src=\"https:\/\/exim.splendex.dev\/wp-content\/uploads\/2024\/02\/icon4.svg\" class=\"icon-card__icon\" alt=\"\" aria-hidden=\"true\" \/>\n                                    <header>\n                        <h3 class=\"icon-card__title\">30 partners<\/h3>\n                    <\/header>\n                \n                                    <div class=\"icon-card__description\"><p>We cooperate with 15 commercial banking and 15 leasing partners.<\/p>\n<\/div>\n                \n            <\/article>\n\n        \n                        \n                                    \n                            \n        \n            <article class=\"icon-card icon-card--secondary\">\n\n                <img decoding=\"async\" src=\"https:\/\/exim.splendex.dev\/wp-content\/uploads\/2024\/02\/icon5.svg\" class=\"icon-card__icon\" alt=\"\" aria-hidden=\"true\" \/>\n                                    <header>\n                        <h3 class=\"icon-card__title\">30 years<\/h3>\n                    <\/header>\n                \n                                    <div class=\"icon-card__description\"><p>We have 30 years of professional experience.<\/p>\n<\/div>\n                \n            <\/article>\n\n        \n                        \n                    \n                <\/div>\n            \n            \n        <\/div>\n\n    <\/div>\n\n<\/div>\n","protected":false},"excerpt":{"rendered":"","protected":false},"author":1,"featured_media":0,"parent":0,"menu_order":0,"comment_status":"closed","ping_status":"closed","template":"page-highlight.php","meta":{"_acf_changed":false,"footnotes":""},"class_list":["post-1928","page","type-page","status-publish","hentry"],"yoast_head":"<!-- This site is optimized with the Yoast SEO plugin v26.8-RC7 - https:\/\/yoast.com\/product\/yoast-seo-wordpress\/ -->\n<title>Homepage - EXIM<\/title>\n<meta name=\"robots\" content=\"index, follow, max-snippet:-1, max-image-preview:large, max-video-preview:-1\" \/>\n<link rel=\"canonical\" href=\"https:\/\/exim.splendex.dev\/en\/\" \/>\n<meta property=\"og:locale\" content=\"en_US\" \/>\n<meta property=\"og:type\" content=\"article\" \/>\n<meta property=\"og:title\" content=\"Homepage - EXIM\" \/>\n<meta property=\"og:url\" content=\"https:\/\/exim.splendex.dev\/en\/\" \/>\n<meta property=\"og:site_name\" content=\"EXIM\" \/>\n<meta property=\"article:modified_time\" content=\"2024-06-04T12:15:21+00:00\" \/>\n<meta name=\"twitter:card\" content=\"summary_large_image\" \/>\n<script type=\"application\/ld+json\" class=\"yoast-schema-graph\">{\"@context\":\"https:\/\/schema.org\",\"@graph\":[{\"@type\":\"WebPage\",\"@id\":\"https:\/\/exim.splendex.dev\/en\/\",\"url\":\"https:\/\/exim.splendex.dev\/en\/\",\"name\":\"Homepage - EXIM\",\"isPartOf\":{\"@id\":\"https:\/\/exim.splendex.dev\/en\/#website\"},\"datePublished\":\"2024-02-14T12:37:58+00:00\",\"dateModified\":\"2024-06-04T12:15:21+00:00\",\"breadcrumb\":{\"@id\":\"https:\/\/exim.splendex.dev\/en\/#breadcrumb\"},\"inLanguage\":\"en-US\",\"potentialAction\":[{\"@type\":\"ReadAction\",\"target\":[\"https:\/\/exim.splendex.dev\/en\/\"]}]},{\"@type\":\"BreadcrumbList\",\"@id\":\"https:\/\/exim.splendex.dev\/en\/#breadcrumb\",\"itemListElement\":[{\"@type\":\"ListItem\",\"position\":1,\"name\":\"Home\",\"item\":\"https:\/\/exim.splendex.dev\/en\/\"},{\"@type\":\"ListItem\",\"position\":2,\"name\":\"Homepage\"}]},{\"@type\":\"WebSite\",\"@id\":\"https:\/\/exim.splendex.dev\/en\/#website\",\"url\":\"https:\/\/exim.splendex.dev\/en\/\",\"name\":\"EXIM\",\"description\":\"\",\"potentialAction\":[{\"@type\":\"SearchAction\",\"target\":{\"@type\":\"EntryPoint\",\"urlTemplate\":\"https:\/\/exim.splendex.dev\/en\/?s={search_term_string}\"},\"query-input\":{\"@type\":\"PropertyValueSpecification\",\"valueRequired\":true,\"valueName\":\"search_term_string\"}}],\"inLanguage\":\"en-US\"}]}<\/script>\n<!-- \/ Yoast SEO plugin. -->","yoast_head_json":{"title":"Homepage - EXIM","robots":{"index":"index","follow":"follow","max-snippet":"max-snippet:-1","max-image-preview":"max-image-preview:large","max-video-preview":"max-video-preview:-1"},"canonical":"https:\/\/exim.splendex.dev\/en\/","og_locale":"en_US","og_type":"article","og_title":"Homepage - EXIM","og_url":"https:\/\/exim.splendex.dev\/en\/","og_site_name":"EXIM","article_modified_time":"2024-06-04T12:15:21+00:00","twitter_card":"summary_large_image","schema":{"@context":"https:\/\/schema.org","@graph":[{"@type":"WebPage","@id":"https:\/\/exim.splendex.dev\/en\/","url":"https:\/\/exim.splendex.dev\/en\/","name":"Homepage - EXIM","isPartOf":{"@id":"https:\/\/exim.splendex.dev\/en\/#website"},"datePublished":"2024-02-14T12:37:58+00:00","dateModified":"2024-06-04T12:15:21+00:00","breadcrumb":{"@id":"https:\/\/exim.splendex.dev\/en\/#breadcrumb"},"inLanguage":"en-US","potentialAction":[{"@type":"ReadAction","target":["https:\/\/exim.splendex.dev\/en\/"]}]},{"@type":"BreadcrumbList","@id":"https:\/\/exim.splendex.dev\/en\/#breadcrumb","itemListElement":[{"@type":"ListItem","position":1,"name":"Home","item":"https:\/\/exim.splendex.dev\/en\/"},{"@type":"ListItem","position":2,"name":"Homepage"}]},{"@type":"WebSite","@id":"https:\/\/exim.splendex.dev\/en\/#website","url":"https:\/\/exim.splendex.dev\/en\/","name":"EXIM","description":"","potentialAction":[{"@type":"SearchAction","target":{"@type":"EntryPoint","urlTemplate":"https:\/\/exim.splendex.dev\/en\/?s={search_term_string}"},"query-input":{"@type":"PropertyValueSpecification","valueRequired":true,"valueName":"search_term_string"}}],"inLanguage":"en-US"}]}},"acf":[],"_links":{"self":[{"href":"https:\/\/exim.splendex.dev\/en\/wp-json\/wp\/v2\/pages\/1928","targetHints":{"allow":["GET"]}}],"collection":[{"href":"https:\/\/exim.splendex.dev\/en\/wp-json\/wp\/v2\/pages"}],"about":[{"href":"https:\/\/exim.splendex.dev\/en\/wp-json\/wp\/v2\/types\/page"}],"author":[{"embeddable":true,"href":"https:\/\/exim.splendex.dev\/en\/wp-json\/wp\/v2\/users\/1"}],"replies":[{"embeddable":true,"href":"https:\/\/exim.splendex.dev\/en\/wp-json\/wp\/v2\/comments?post=1928"}],"version-history":[{"count":17,"href":"https:\/\/exim.splendex.dev\/en\/wp-json\/wp\/v2\/pages\/1928\/revisions"}],"predecessor-version":[{"id":24568,"href":"https:\/\/exim.splendex.dev\/en\/wp-json\/wp\/v2\/pages\/1928\/revisions\/24568"}],"wp:attachment":[{"href":"https:\/\/exim.splendex.dev\/en\/wp-json\/wp\/v2\/media?parent=1928"}],"curies":[{"name":"wp","href":"https:\/\/api.w.org\/{rel}","templated":true}]}}